{"id":1549,"date":"2022-12-28T09:51:20","date_gmt":"2022-12-28T08:51:20","guid":{"rendered":"https:\/\/exitgames.se\/?page_id=1549"},"modified":"2026-04-22T16:03:22","modified_gmt":"2026-04-22T14:03:22","slug":"book-now-sodermalm","status":"publish","type":"page","link":"https:\/\/exitgames.se\/en\/book-now-sodermalm\/","title":{"rendered":"Boka S\u00f6dermalm"},"content":{"rendered":"<div data-elementor-type=\"wp-page\" data-elementor-id=\"1549\" class=\"elementor elementor-1549\">\n\t\t\t\t\t\t<section class=\"elementor-section elementor-top-section elementor-element elementor-element-0ecd991 elementor-section-boxed elementor-section-height-default elementor-section-height-default\" data-id=\"0ecd991\" data-element_type=\"section\">\n\t\t\t\t\t\t<div class=\"elementor-container elementor-column-gap-default\">\n\t\t\t\t\t<div class=\"elementor-column elementor-col-100 elementor-top-column elementor-element elementor-element-f8a65dd\" data-id=\"f8a65dd\" data-element_type=\"column\">\n\t\t\t<div class=\"elementor-widget-wrap elementor-element-populated\">\n\t\t\t\t\t\t<div class=\"elementor-element elementor-element-1bd1ad6 elementor-widget elementor-widget-heading\" data-id=\"1bd1ad6\" data-element_type=\"widget\" data-widget_type=\"heading.default\">\n\t\t\t\t<div class=\"elementor-widget-container\">\n\t\t\t\t\t<h2 class=\"elementor-heading-title elementor-size-default\">Book on S\u00f6dermalm<\/h2>\t\t\t\t<\/div>\n\t\t\t\t<\/div>\n\t\t\t\t<div class=\"elementor-element elementor-element-4289e88 elementor-widget-divider--view-line elementor-widget elementor-widget-divider\" data-id=\"4289e88\" data-element_type=\"widget\" data-widget_type=\"divider.default\">\n\t\t\t\t<div class=\"elementor-widget-container\">\n\t\t\t\t\t\t\t<div class=\"elementor-divider\">\n\t\t\t<span class=\"elementor-divider-separator\">\n\t\t\t\t\t\t<\/span>\n\t\t<\/div>\n\t\t\t\t\t\t<\/div>\n\t\t\t\t<\/div>\n\t\t\t\t<div class=\"elementor-element elementor-element-24a567c elementor-widget elementor-widget-text-editor\" data-id=\"24a567c\" data-element_type=\"widget\" data-widget_type=\"text-editor.default\">\n\t\t\t\t<div class=\"elementor-widget-container\">\n\t\t\t\t\t\t\t\t\t<p dir=\"ltr\" style=\"margin-top: 0pt; margin-bottom: 0pt; line-height: 1.38; padding-top: 0pt; padding-right: 0pt; padding-bottom: 27pt;\"><span style=\"font-size: 12pt; background-color: transparent; font-variant-numeric: normal; font-variant-east-asian: normal; font-variant-alternates: normal; font-variant-position: normal; font-variant-emoji: normal; vertical-align: baseline; white-space-collapse: preserve;\">Check out our rooms first and choose your preferred one to book. Then simply find the corresponding reservation calendar below. Green padlocks indicate available booking times. If you are looking to book several escape rooms, the calendars give you a good overview of their availability. <\/span><\/p><p dir=\"ltr\" style=\"margin-top: 0pt; margin-bottom: 0pt; line-height: 1.38; padding-top: 0pt; padding-right: 0pt; padding-bottom: 27pt;\"><span style=\"background-color: transparent; font-size: 12pt; white-space-collapse: preserve;\">The number of persons assigned while booking is only preliminary; we will only charge for the amount of people that actually show up to play.<\/span><\/p><p dir=\"ltr\" style=\"margin-top: 0pt; margin-bottom: 0pt; line-height: 1.38; padding-top: 0pt; padding-right: 0pt; padding-bottom: 27pt;\"><span style=\"font-size: 12pt; background-color: transparent; font-variant-numeric: normal; font-variant-east-asian: normal; font-variant-alternates: normal; font-variant-position: normal; font-variant-emoji: normal; vertical-align: baseline; white-space-collapse: preserve;\">We ask you to please cancel your reservation one day beforehand at the latest!<\/span><\/p><p dir=\"ltr\" style=\"margin-top: 0pt; margin-bottom: 0pt; line-height: 1.38; padding-top: 0pt; padding-right: 0pt; padding-bottom: 27pt;\"><span style=\"font-size: 12pt; background-color: transparent; font-variant-numeric: normal; font-variant-east-asian: normal; font-variant-alternates: normal; font-variant-position: normal; font-variant-emoji: normal; vertical-align: baseline; white-space-collapse: preserve;\">After you have made your reservation, you should receive a confirmation E-Mail. If you do not receive any, the room might not have been booked properly. If you do not receive any E-Mail despite verifying the correct method, please contact us via E-Mail. <\/span><\/p><p dir=\"ltr\" style=\"margin-top: 0pt; margin-bottom: 27pt; line-height: 1.38;\"><span style=\"font-size: 12pt; background-color: transparent; font-variant-numeric: normal; font-variant-east-asian: normal; font-variant-alternates: normal; font-variant-position: normal; font-variant-emoji: normal; vertical-align: baseline; white-space-collapse: preserve;\">And make sure to check your spam filter!<\/span><\/p>\t\t\t\t\t\t\t\t<\/div>\n\t\t\t\t<\/div>\n\t\t\t\t\t<\/div>\n\t\t<\/div>\n\t\t\t\t\t<\/div>\n\t\t<\/section>\n\t\t\t\t<section class=\"elementor-section elementor-top-section elementor-element elementor-element-334a627 elementor-section-boxed elementor-section-height-default elementor-section-height-default\" data-id=\"334a627\" data-element_type=\"section\">\n\t\t\t\t\t\t<div class=\"elementor-container elementor-column-gap-default\">\n\t\t\t\t\t<div class=\"elementor-column elementor-col-50 elementor-top-column elementor-element elementor-element-4c3050b\" data-id=\"4c3050b\" data-element_type=\"column\">\n\t\t\t<div class=\"elementor-widget-wrap elementor-element-populated\">\n\t\t\t\t\t\t<div class=\"elementor-element elementor-element-48beff5 elementor-widget elementor-widget-image\" data-id=\"48beff5\" data-element_type=\"widget\" data-widget_type=\"image.default\">\n\t\t\t\t<div class=\"elementor-widget-container\">\n\t\t\t\t\t\t\t\t\t\t\t\t\t\t\t\t<a href=\"https:\/\/exitgames.se\/en\/rooms\/mayday\/\">\n\t\t\t\t\t\t\t<img fetchpriority=\"high\" decoding=\"async\" width=\"640\" height=\"236\" src=\"https:\/\/exitgames.se\/wp-content\/uploads\/2022\/11\/345870158_215646871220241_8097106725562794179_n-masolat-1024x377.webp\" class=\"attachment-large size-large wp-image-2022\" alt=\"Mayday - Escape room at S\u00f6dermalm\" srcset=\"https:\/\/exitgames.se\/wp-content\/uploads\/2022\/11\/345870158_215646871220241_8097106725562794179_n-masolat-1024x377.webp 1024w, https:\/\/exitgames.se\/wp-content\/uploads\/2022\/11\/345870158_215646871220241_8097106725562794179_n-masolat-300x111.webp 300w, https:\/\/exitgames.se\/wp-content\/uploads\/2022\/11\/345870158_215646871220241_8097106725562794179_n-masolat-768x283.webp 768w, https:\/\/exitgames.se\/wp-content\/uploads\/2022\/11\/345870158_215646871220241_8097106725562794179_n-masolat-1536x566.webp 1536w, https:\/\/exitgames.se\/wp-content\/uploads\/2022\/11\/345870158_215646871220241_8097106725562794179_n-masolat-18x7.webp 18w, https:\/\/exitgames.se\/wp-content\/uploads\/2022\/11\/345870158_215646871220241_8097106725562794179_n-masolat.webp 1900w\" sizes=\"(max-width: 640px) 100vw, 640px\" \/>\t\t\t\t\t\t\t\t<\/a>\n\t\t\t\t\t\t\t\t\t\t\t\t\t\t\t<\/div>\n\t\t\t\t<\/div>\n\t\t\t\t<div class=\"elementor-element elementor-element-c8d3159 elementor-widget elementor-widget-text-editor\" data-id=\"c8d3159\" data-element_type=\"widget\" data-widget_type=\"text-editor.default\">\n\t\t\t\t<div class=\"elementor-widget-container\">\n\t\t\t\t\t\t\t\t\t<div style=\"background-color: white;\"><iframe style=\"border: none; margin: 0; padding: 0;\" src=\"https:\/\/exitgames.se\/booking\/booking_time.php?mission=MAYDAY&amp;shift=0\" width=\"100%\" height=\"600\" scrolling=\"no\"><\/iframe><\/div>\t\t\t\t\t\t\t\t<\/div>\n\t\t\t\t<\/div>\n\t\t\t\t\t<\/div>\n\t\t<\/div>\n\t\t\t\t<div class=\"elementor-column elementor-col-50 elementor-top-column elementor-element elementor-element-e538fc0\" data-id=\"e538fc0\" data-element_type=\"column\">\n\t\t\t<div class=\"elementor-widget-wrap elementor-element-populated\">\n\t\t\t\t\t\t<div class=\"elementor-element elementor-element-e949b19 elementor-widget elementor-widget-image\" data-id=\"e949b19\" data-element_type=\"widget\" data-widget_type=\"image.default\">\n\t\t\t\t<div class=\"elementor-widget-container\">\n\t\t\t\t\t\t\t\t\t\t\t\t\t\t\t\t<a href=\"https:\/\/exitgames.se\/en\/rooms\/mission-undercover\/\">\n\t\t\t\t\t\t\t<img decoding=\"async\" width=\"640\" height=\"236\" src=\"https:\/\/exitgames.se\/wp-content\/uploads\/2022\/11\/345885152_241535528563593_799357791677002279_n-masolat-1024x377.webp\" class=\"attachment-large size-large wp-image-2018\" alt=\"Mission Undercover - Escape room at S\u00f6dermalm\" srcset=\"https:\/\/exitgames.se\/wp-content\/uploads\/2022\/11\/345885152_241535528563593_799357791677002279_n-masolat-1024x377.webp 1024w, https:\/\/exitgames.se\/wp-content\/uploads\/2022\/11\/345885152_241535528563593_799357791677002279_n-masolat-300x111.webp 300w, https:\/\/exitgames.se\/wp-content\/uploads\/2022\/11\/345885152_241535528563593_799357791677002279_n-masolat-768x283.webp 768w, https:\/\/exitgames.se\/wp-content\/uploads\/2022\/11\/345885152_241535528563593_799357791677002279_n-masolat-1536x566.webp 1536w, https:\/\/exitgames.se\/wp-content\/uploads\/2022\/11\/345885152_241535528563593_799357791677002279_n-masolat-18x7.webp 18w, https:\/\/exitgames.se\/wp-content\/uploads\/2022\/11\/345885152_241535528563593_799357791677002279_n-masolat.webp 1900w\" sizes=\"(max-width: 640px) 100vw, 640px\" \/>\t\t\t\t\t\t\t\t<\/a>\n\t\t\t\t\t\t\t\t\t\t\t\t\t\t\t<\/div>\n\t\t\t\t<\/div>\n\t\t\t\t<div class=\"elementor-element elementor-element-5fa2baa elementor-widget elementor-widget-text-editor\" data-id=\"5fa2baa\" data-element_type=\"widget\" data-widget_type=\"text-editor.default\">\n\t\t\t\t<div class=\"elementor-widget-container\">\n\t\t\t\t\t\t\t\t\t<div style=\"background-color: white;\"><iframe style=\"border: none; margin: 0; padding: 0;\" src=\"https:\/\/exitgames.se\/booking\/booking_time.php?mission=UNDERCOVER&amp;shift=0\" width=\"100%\" height=\"600\" scrolling=\"no\"><\/iframe><\/div>\t\t\t\t\t\t\t\t<\/div>\n\t\t\t\t<\/div>\n\t\t\t\t\t<\/div>\n\t\t<\/div>\n\t\t\t\t\t<\/div>\n\t\t<\/section>\n\t\t\t\t<section class=\"elementor-section elementor-top-section elementor-element elementor-element-7dde8d8 elementor-section-boxed elementor-section-height-default elementor-section-height-default\" data-id=\"7dde8d8\" data-element_type=\"section\">\n\t\t\t\t\t\t<div class=\"elementor-container elementor-column-gap-default\">\n\t\t\t\t\t<div class=\"elementor-column elementor-col-50 elementor-top-column elementor-element elementor-element-b2d9d1b\" data-id=\"b2d9d1b\" data-element_type=\"column\">\n\t\t\t<div class=\"elementor-widget-wrap elementor-element-populated\">\n\t\t\t\t\t\t<div class=\"elementor-element elementor-element-822026a elementor-widget elementor-widget-image\" data-id=\"822026a\" data-element_type=\"widget\" data-widget_type=\"image.default\">\n\t\t\t\t<div class=\"elementor-widget-container\">\n\t\t\t\t\t\t\t\t\t\t\t\t\t\t\t\t<a href=\"https:\/\/exitgames.se\/en\/rooms\/the-collector\/\">\n\t\t\t\t\t\t\t<img decoding=\"async\" width=\"640\" height=\"236\" src=\"https:\/\/exitgames.se\/wp-content\/uploads\/2022\/11\/345870411_202672989288352_3215485466106591190_n-masolat-1024x377.webp\" class=\"attachment-large size-large wp-image-2020\" alt=\"Collector - Escape room at S\u00f6dermalm\" srcset=\"https:\/\/exitgames.se\/wp-content\/uploads\/2022\/11\/345870411_202672989288352_3215485466106591190_n-masolat-1024x377.webp 1024w, https:\/\/exitgames.se\/wp-content\/uploads\/2022\/11\/345870411_202672989288352_3215485466106591190_n-masolat-300x111.webp 300w, https:\/\/exitgames.se\/wp-content\/uploads\/2022\/11\/345870411_202672989288352_3215485466106591190_n-masolat-768x283.webp 768w, https:\/\/exitgames.se\/wp-content\/uploads\/2022\/11\/345870411_202672989288352_3215485466106591190_n-masolat-1536x566.webp 1536w, https:\/\/exitgames.se\/wp-content\/uploads\/2022\/11\/345870411_202672989288352_3215485466106591190_n-masolat-18x7.webp 18w, https:\/\/exitgames.se\/wp-content\/uploads\/2022\/11\/345870411_202672989288352_3215485466106591190_n-masolat.webp 1900w\" sizes=\"(max-width: 640px) 100vw, 640px\" \/>\t\t\t\t\t\t\t\t<\/a>\n\t\t\t\t\t\t\t\t\t\t\t\t\t\t\t<\/div>\n\t\t\t\t<\/div>\n\t\t\t\t<div class=\"elementor-element elementor-element-1b3d75b elementor-widget elementor-widget-text-editor\" data-id=\"1b3d75b\" data-element_type=\"widget\" data-widget_type=\"text-editor.default\">\n\t\t\t\t<div class=\"elementor-widget-container\">\n\t\t\t\t\t\t\t\t\t<div style=\"background-color: white;\"><iframe style=\"border: none; margin: 0; padding: 0;\" src=\"https:\/\/exitgames.se\/booking\/booking_time.php?mission=COLLECTOR&amp;shift=0\" width=\"100%\" height=\"600\" scrolling=\"no\"><\/iframe><\/div>\t\t\t\t\t\t\t\t<\/div>\n\t\t\t\t<\/div>\n\t\t\t\t\t<\/div>\n\t\t<\/div>\n\t\t\t\t<div class=\"elementor-column elementor-col-50 elementor-top-column elementor-element elementor-element-1d83b56\" data-id=\"1d83b56\" data-element_type=\"column\">\n\t\t\t<div class=\"elementor-widget-wrap\">\n\t\t\t\t\t\t\t<\/div>\n\t\t<\/div>\n\t\t\t\t\t<\/div>\n\t\t<\/section>\n\t\t\t\t<\/div>","protected":false},"excerpt":{"rendered":"<p>Boka p\u00e5 S\u00f6dermalm Kolla in v\u00e5ra rum f\u00f6rst och vilket\/vilka du vill boka. Sedan hittar du motsvarande kalender\/kalendrar nedan. Gr\u00f6nt h\u00e4ngl\u00e5s betyder att det \u00e4r tillg\u00e4ngligt att boka. Beh\u00f6ver du flera rum ger de dig en bra \u00f6verblick i kalendrarna. Antalet person som anges vid bokningen \u00e4r enbart prelimin\u00e4rt; vi tar enbart betalt f\u00f6r de [&hellip;]<\/p>","protected":false},"author":1,"featured_media":0,"parent":0,"menu_order":0,"comment_status":"closed","ping_status":"closed","template":"","meta":{"_acf_changed":false,"footnotes":""},"class_list":["post-1549","page","type-page","status-publish","hentry"],"acf":[],"yoast_head":"<!-- This site is optimized with the Yoast SEO plugin v27.4 - https:\/\/yoast.com\/product\/yoast-seo-wordpress\/ -->\n<title>Boka S\u00f6dermalm - Exit Games<\/title>\n<meta name=\"robots\" content=\"index, follow, max-snippet:-1, max-image-preview:large, max-video-preview:-1\" \/>\n<link rel=\"canonical\" href=\"https:\/\/exitgames.se\/en\/book-now-sodermalm\/\" \/>\n<meta property=\"og:locale\" content=\"en_US\" \/>\n<meta property=\"og:type\" content=\"article\" \/>\n<meta property=\"og:title\" content=\"Boka S\u00f6dermalm - Exit Games\" \/>\n<meta property=\"og:description\" content=\"Boka p\u00e5 S\u00f6dermalm Kolla in v\u00e5ra rum f\u00f6rst och vilket\/vilka du vill boka. Sedan hittar du motsvarande kalender\/kalendrar nedan. Gr\u00f6nt h\u00e4ngl\u00e5s betyder att det \u00e4r tillg\u00e4ngligt att boka. Beh\u00f6ver du flera rum ger de dig en bra \u00f6verblick i kalendrarna. Antalet person som anges vid bokningen \u00e4r enbart prelimin\u00e4rt; vi tar enbart betalt f\u00f6r de [&hellip;]\" \/>\n<meta property=\"og:url\" content=\"https:\/\/exitgames.se\/en\/book-now-sodermalm\/\" \/>\n<meta property=\"og:site_name\" content=\"Exit Games\" \/>\n<meta property=\"article:modified_time\" content=\"2026-04-22T14:03:22+00:00\" \/>\n<meta property=\"og:image\" content=\"https:\/\/exitgames.se\/wp-content\/uploads\/2022\/11\/345870158_215646871220241_8097106725562794179_n-masolat.webp\" \/>\n\t<meta property=\"og:image:width\" content=\"1900\" \/>\n\t<meta property=\"og:image:height\" content=\"700\" \/>\n\t<meta property=\"og:image:type\" content=\"image\/webp\" \/>\n<meta name=\"twitter:card\" content=\"summary_large_image\" \/>\n<meta name=\"twitter:label1\" content=\"Est. reading time\" \/>\n\t<meta name=\"twitter:data1\" content=\"2 minutes\" \/>\n<script type=\"application\/ld+json\" class=\"yoast-schema-graph\">{\"@context\":\"https:\\\/\\\/schema.org\",\"@graph\":[{\"@type\":\"WebPage\",\"@id\":\"https:\\\/\\\/exitgames.se\\\/book-now-sodermalm\\\/\",\"url\":\"https:\\\/\\\/exitgames.se\\\/book-now-sodermalm\\\/\",\"name\":\"Boka S\u00f6dermalm - Exit Games\",\"isPartOf\":{\"@id\":\"https:\\\/\\\/exitgames.se\\\/#website\"},\"primaryImageOfPage\":{\"@id\":\"https:\\\/\\\/exitgames.se\\\/book-now-sodermalm\\\/#primaryimage\"},\"image\":{\"@id\":\"https:\\\/\\\/exitgames.se\\\/book-now-sodermalm\\\/#primaryimage\"},\"thumbnailUrl\":\"https:\\\/\\\/exitgames.se\\\/wp-content\\\/uploads\\\/2022\\\/11\\\/345870158_215646871220241_8097106725562794179_n-masolat-1024x377.webp\",\"datePublished\":\"2022-12-28T08:51:20+00:00\",\"dateModified\":\"2026-04-22T14:03:22+00:00\",\"inLanguage\":\"en-US\",\"potentialAction\":[{\"@type\":\"ReadAction\",\"target\":[\"https:\\\/\\\/exitgames.se\\\/book-now-sodermalm\\\/\"]}]},{\"@type\":\"ImageObject\",\"inLanguage\":\"en-US\",\"@id\":\"https:\\\/\\\/exitgames.se\\\/book-now-sodermalm\\\/#primaryimage\",\"url\":\"https:\\\/\\\/exitgames.se\\\/wp-content\\\/uploads\\\/2022\\\/11\\\/345870158_215646871220241_8097106725562794179_n-masolat-1024x377.webp\",\"contentUrl\":\"https:\\\/\\\/exitgames.se\\\/wp-content\\\/uploads\\\/2022\\\/11\\\/345870158_215646871220241_8097106725562794179_n-masolat-1024x377.webp\"},{\"@type\":\"WebSite\",\"@id\":\"https:\\\/\\\/exitgames.se\\\/#website\",\"url\":\"https:\\\/\\\/exitgames.se\\\/\",\"name\":\"Exit Games\",\"description\":\"Escape Rooms in Stockholm!\",\"publisher\":{\"@id\":\"https:\\\/\\\/exitgames.se\\\/#organization\"},\"potentialAction\":[{\"@type\":\"SearchAction\",\"target\":{\"@type\":\"EntryPoint\",\"urlTemplate\":\"https:\\\/\\\/exitgames.se\\\/?s={search_term_string}\"},\"query-input\":{\"@type\":\"PropertyValueSpecification\",\"valueRequired\":true,\"valueName\":\"search_term_string\"}}],\"inLanguage\":\"en-US\"},{\"@type\":\"Organization\",\"@id\":\"https:\\\/\\\/exitgames.se\\\/#organization\",\"name\":\"Exit Games\",\"url\":\"https:\\\/\\\/exitgames.se\\\/\",\"logo\":{\"@type\":\"ImageObject\",\"inLanguage\":\"en-US\",\"@id\":\"https:\\\/\\\/exitgames.se\\\/#\\\/schema\\\/logo\\\/image\\\/\",\"url\":\"https:\\\/\\\/exitgames.se\\\/wp-content\\\/uploads\\\/2022\\\/11\\\/302741860_508597104602897_3580458953652719672_n.png\",\"contentUrl\":\"https:\\\/\\\/exitgames.se\\\/wp-content\\\/uploads\\\/2022\\\/11\\\/302741860_508597104602897_3580458953652719672_n.png\",\"width\":512,\"height\":512,\"caption\":\"Exit Games\"},\"image\":{\"@id\":\"https:\\\/\\\/exitgames.se\\\/#\\\/schema\\\/logo\\\/image\\\/\"}}]}<\/script>\n<!-- \/ Yoast SEO plugin. -->","yoast_head_json":{"title":"Boka S\u00f6dermalm - Exit Games","robots":{"index":"index","follow":"follow","max-snippet":"max-snippet:-1","max-image-preview":"max-image-preview:large","max-video-preview":"max-video-preview:-1"},"canonical":"https:\/\/exitgames.se\/en\/book-now-sodermalm\/","og_locale":"en_US","og_type":"article","og_title":"Boka S\u00f6dermalm - Exit Games","og_description":"Boka p\u00e5 S\u00f6dermalm Kolla in v\u00e5ra rum f\u00f6rst och vilket\/vilka du vill boka. Sedan hittar du motsvarande kalender\/kalendrar nedan. Gr\u00f6nt h\u00e4ngl\u00e5s betyder att det \u00e4r tillg\u00e4ngligt att boka. Beh\u00f6ver du flera rum ger de dig en bra \u00f6verblick i kalendrarna. Antalet person som anges vid bokningen \u00e4r enbart prelimin\u00e4rt; vi tar enbart betalt f\u00f6r de [&hellip;]","og_url":"https:\/\/exitgames.se\/en\/book-now-sodermalm\/","og_site_name":"Exit Games","article_modified_time":"2026-04-22T14:03:22+00:00","og_image":[{"width":1900,"height":700,"url":"https:\/\/exitgames.se\/wp-content\/uploads\/2022\/11\/345870158_215646871220241_8097106725562794179_n-masolat.webp","type":"image\/webp"}],"twitter_card":"summary_large_image","twitter_misc":{"Est. reading time":"2 minutes"},"schema":{"@context":"https:\/\/schema.org","@graph":[{"@type":"WebPage","@id":"https:\/\/exitgames.se\/book-now-sodermalm\/","url":"https:\/\/exitgames.se\/book-now-sodermalm\/","name":"Boka S\u00f6dermalm - Exit Games","isPartOf":{"@id":"https:\/\/exitgames.se\/#website"},"primaryImageOfPage":{"@id":"https:\/\/exitgames.se\/book-now-sodermalm\/#primaryimage"},"image":{"@id":"https:\/\/exitgames.se\/book-now-sodermalm\/#primaryimage"},"thumbnailUrl":"https:\/\/exitgames.se\/wp-content\/uploads\/2022\/11\/345870158_215646871220241_8097106725562794179_n-masolat-1024x377.webp","datePublished":"2022-12-28T08:51:20+00:00","dateModified":"2026-04-22T14:03:22+00:00","inLanguage":"en-US","potentialAction":[{"@type":"ReadAction","target":["https:\/\/exitgames.se\/book-now-sodermalm\/"]}]},{"@type":"ImageObject","inLanguage":"en-US","@id":"https:\/\/exitgames.se\/book-now-sodermalm\/#primaryimage","url":"https:\/\/exitgames.se\/wp-content\/uploads\/2022\/11\/345870158_215646871220241_8097106725562794179_n-masolat-1024x377.webp","contentUrl":"https:\/\/exitgames.se\/wp-content\/uploads\/2022\/11\/345870158_215646871220241_8097106725562794179_n-masolat-1024x377.webp"},{"@type":"WebSite","@id":"https:\/\/exitgames.se\/#website","url":"https:\/\/exitgames.se\/","name":"Exit Games","description":"Escape Rooms in Stockholm!","publisher":{"@id":"https:\/\/exitgames.se\/#organization"},"potentialAction":[{"@type":"SearchAction","target":{"@type":"EntryPoint","urlTemplate":"https:\/\/exitgames.se\/?s={search_term_string}"},"query-input":{"@type":"PropertyValueSpecification","valueRequired":true,"valueName":"search_term_string"}}],"inLanguage":"en-US"},{"@type":"Organization","@id":"https:\/\/exitgames.se\/#organization","name":"Exit Games","url":"https:\/\/exitgames.se\/","logo":{"@type":"ImageObject","inLanguage":"en-US","@id":"https:\/\/exitgames.se\/#\/schema\/logo\/image\/","url":"https:\/\/exitgames.se\/wp-content\/uploads\/2022\/11\/302741860_508597104602897_3580458953652719672_n.png","contentUrl":"https:\/\/exitgames.se\/wp-content\/uploads\/2022\/11\/302741860_508597104602897_3580458953652719672_n.png","width":512,"height":512,"caption":"Exit Games"},"image":{"@id":"https:\/\/exitgames.se\/#\/schema\/logo\/image\/"}}]}},"_links":{"self":[{"href":"https:\/\/exitgames.se\/en\/wp-json\/wp\/v2\/pages\/1549","targetHints":{"allow":["GET"]}}],"collection":[{"href":"https:\/\/exitgames.se\/en\/wp-json\/wp\/v2\/pages"}],"about":[{"href":"https:\/\/exitgames.se\/en\/wp-json\/wp\/v2\/types\/page"}],"author":[{"embeddable":true,"href":"https:\/\/exitgames.se\/en\/wp-json\/wp\/v2\/users\/1"}],"replies":[{"embeddable":true,"href":"https:\/\/exitgames.se\/en\/wp-json\/wp\/v2\/comments?post=1549"}],"version-history":[{"count":0,"href":"https:\/\/exitgames.se\/en\/wp-json\/wp\/v2\/pages\/1549\/revisions"}],"wp:attachment":[{"href":"https:\/\/exitgames.se\/en\/wp-json\/wp\/v2\/media?parent=1549"}],"curies":[{"name":"wp","href":"https:\/\/api.w.org\/{rel}","templated":true}]}}