{"id":2867,"date":"2024-04-16T16:42:01","date_gmt":"2024-04-16T14:42:01","guid":{"rendered":"https:\/\/exitgames.se\/?page_id=2867"},"modified":"2025-06-23T17:23:04","modified_gmt":"2025-06-23T15:23:04","slug":"our-game-rules","status":"publish","type":"page","link":"https:\/\/exitgames.se\/en\/our-game-rules\/","title":{"rendered":"Our Game Rules"},"content":{"rendered":"<div data-elementor-type=\"wp-page\" data-elementor-id=\"2867\" class=\"elementor elementor-2867\">\n\t\t\t\t\t\t<section class=\"elementor-section elementor-top-section elementor-element elementor-element-63dc7ff elementor-section-boxed elementor-section-height-default elementor-section-height-default\" data-id=\"63dc7ff\" data-element_type=\"section\">\n\t\t\t\t\t\t<div class=\"elementor-container elementor-column-gap-default\">\n\t\t\t\t\t<div class=\"elementor-column elementor-col-100 elementor-top-column elementor-element elementor-element-92664e2\" data-id=\"92664e2\" data-element_type=\"column\">\n\t\t\t<div class=\"elementor-widget-wrap elementor-element-populated\">\n\t\t\t\t\t\t<div class=\"elementor-element elementor-element-e9f4889 elementor-widget elementor-widget-heading\" data-id=\"e9f4889\" data-element_type=\"widget\" data-widget_type=\"heading.default\">\n\t\t\t\t<div class=\"elementor-widget-container\">\n\t\t\t\t\t<h2 class=\"elementor-heading-title elementor-size-default\"><p style=\"margin-bottom: 0cm\">Escape room - what is it?<\/p><\/h2>\t\t\t\t<\/div>\n\t\t\t\t<\/div>\n\t\t\t\t\t<\/div>\n\t\t<\/div>\n\t\t\t\t\t<\/div>\n\t\t<\/section>\n\t\t\t\t<section class=\"elementor-section elementor-top-section elementor-element elementor-element-cc2c030 elementor-section-boxed elementor-section-height-default elementor-section-height-default\" data-id=\"cc2c030\" data-element_type=\"section\">\n\t\t\t\t\t\t<div class=\"elementor-container elementor-column-gap-default\">\n\t\t\t\t\t<div class=\"elementor-column elementor-col-100 elementor-top-column elementor-element elementor-element-5321db1\" data-id=\"5321db1\" data-element_type=\"column\">\n\t\t\t<div class=\"elementor-widget-wrap elementor-element-populated\">\n\t\t\t\t\t\t<div class=\"elementor-element elementor-element-2c73865 elementor-widget elementor-widget-text-editor\" data-id=\"2c73865\" data-element_type=\"widget\" data-widget_type=\"text-editor.default\">\n\t\t\t\t<div class=\"elementor-widget-container\">\n\t\t\t\t\t\t\t\t\t<p><span style=\"font-weight: 400;\">Escape Rooms are adventures in which a team attempts to accomplish some kind of mission in a thematically designed room. The problems are essentially intellectual and, thus, logical skills and collaboration within the team will always be the key to success. The possible amount of players in our rooms varies between 2 and 8, so every room may be unique, depending on group size.<\/span><\/p>\t\t\t\t\t\t\t\t<\/div>\n\t\t\t\t<\/div>\n\t\t\t\t\t<\/div>\n\t\t<\/div>\n\t\t\t\t\t<\/div>\n\t\t<\/section>\n\t\t\t\t<section class=\"elementor-section elementor-top-section elementor-element elementor-element-ea8e8c7 elementor-section-boxed elementor-section-height-default elementor-section-height-default\" data-id=\"ea8e8c7\" data-element_type=\"section\">\n\t\t\t\t\t\t<div class=\"elementor-container elementor-column-gap-default\">\n\t\t\t\t\t<div class=\"elementor-column elementor-col-100 elementor-top-column elementor-element elementor-element-897e0aa\" data-id=\"897e0aa\" data-element_type=\"column\">\n\t\t\t<div class=\"elementor-widget-wrap elementor-element-populated\">\n\t\t\t\t\t\t<div class=\"elementor-element elementor-element-46bfae4 elementor-widget elementor-widget-heading\" data-id=\"46bfae4\" data-element_type=\"widget\" data-widget_type=\"heading.default\">\n\t\t\t\t<div class=\"elementor-widget-container\">\n\t\t\t\t\t<h2 class=\"elementor-heading-title elementor-size-default\"><p style=\"margin-bottom: 0cm\">Preparations<\/p><\/h2>\t\t\t\t<\/div>\n\t\t\t\t<\/div>\n\t\t\t\t\t<\/div>\n\t\t<\/div>\n\t\t\t\t\t<\/div>\n\t\t<\/section>\n\t\t\t\t<section class=\"elementor-section elementor-top-section elementor-element elementor-element-e615ab7 elementor-section-boxed elementor-section-height-default elementor-section-height-default\" data-id=\"e615ab7\" data-element_type=\"section\">\n\t\t\t\t\t\t<div class=\"elementor-container elementor-column-gap-default\">\n\t\t\t\t\t<div class=\"elementor-column elementor-col-100 elementor-top-column elementor-element elementor-element-cd8d546\" data-id=\"cd8d546\" data-element_type=\"column\">\n\t\t\t<div class=\"elementor-widget-wrap elementor-element-populated\">\n\t\t\t\t\t\t<div class=\"elementor-element elementor-element-b243ccb elementor-widget elementor-widget-text-editor\" data-id=\"b243ccb\" data-element_type=\"widget\" data-widget_type=\"text-editor.default\">\n\t\t\t\t<div class=\"elementor-widget-container\">\n\t\t\t\t\t\t\t\t\t<p><span style=\"font-weight: 400;\">No specific preparation need to be made in advance and no knowledge of the theme is required either. However, you may need to be able to read and make simple mathematical calculations. The games can be set up in both English and Swedish, if written information plays a part.<\/span><\/p><p><span style=\"font-weight: 400;\">It is preferable that the team should arrive approximately 10 minutes before game start to ensure that the daily schedule can be fulfilled. And please note that we have 2 different locations for Escape Rooms in Stockholm.<\/span><\/p>\t\t\t\t\t\t\t\t<\/div>\n\t\t\t\t<\/div>\n\t\t\t\t\t<\/div>\n\t\t<\/div>\n\t\t\t\t\t<\/div>\n\t\t<\/section>\n\t\t\t\t<section class=\"elementor-section elementor-top-section elementor-element elementor-element-5018eb5 elementor-section-boxed elementor-section-height-default elementor-section-height-default\" data-id=\"5018eb5\" data-element_type=\"section\">\n\t\t\t\t\t\t<div class=\"elementor-container elementor-column-gap-default\">\n\t\t\t\t\t<div class=\"elementor-column elementor-col-100 elementor-top-column elementor-element elementor-element-c7b2dca\" data-id=\"c7b2dca\" data-element_type=\"column\">\n\t\t\t<div class=\"elementor-widget-wrap elementor-element-populated\">\n\t\t\t\t\t\t<div class=\"elementor-element elementor-element-7cb29af elementor-widget elementor-widget-heading\" data-id=\"7cb29af\" data-element_type=\"widget\" data-widget_type=\"heading.default\">\n\t\t\t\t<div class=\"elementor-widget-container\">\n\t\t\t\t\t<h2 class=\"elementor-heading-title elementor-size-default\"><p style=\"margin-bottom: 0cm\">Introduction<\/p><\/h2>\t\t\t\t<\/div>\n\t\t\t\t<\/div>\n\t\t\t\t\t<\/div>\n\t\t<\/div>\n\t\t\t\t\t<\/div>\n\t\t<\/section>\n\t\t\t\t<section class=\"elementor-section elementor-top-section elementor-element elementor-element-8340303 elementor-section-boxed elementor-section-height-default elementor-section-height-default\" data-id=\"8340303\" data-element_type=\"section\">\n\t\t\t\t\t\t<div class=\"elementor-container elementor-column-gap-default\">\n\t\t\t\t\t<div class=\"elementor-column elementor-col-100 elementor-top-column elementor-element elementor-element-41b2082\" data-id=\"41b2082\" data-element_type=\"column\">\n\t\t\t<div class=\"elementor-widget-wrap elementor-element-populated\">\n\t\t\t\t\t\t<div class=\"elementor-element elementor-element-2f807d0 elementor-widget elementor-widget-text-editor\" data-id=\"2f807d0\" data-element_type=\"widget\" data-widget_type=\"text-editor.default\">\n\t\t\t\t<div class=\"elementor-widget-container\">\n\t\t\t\t\t\t\t\t\t<p><span style=\"font-weight: 400;\">Spelledaren kommer att ber\u00e4tta allt ni beh\u00f6ver veta innan hen l\u00e5ter er g\u00e5 in i ert escape room. Men h\u00e4r \u00e4r n\u00e5gra av punkterna som kommer att behandlas.<\/span><\/p>\t\t\t\t\t\t\t\t<\/div>\n\t\t\t\t<\/div>\n\t\t\t\t\t<\/div>\n\t\t<\/div>\n\t\t\t\t\t<\/div>\n\t\t<\/section>\n\t\t\t\t<section class=\"elementor-section elementor-top-section elementor-element elementor-element-ecf8d95 elementor-section-boxed elementor-section-height-default elementor-section-height-default\" data-id=\"ecf8d95\" data-element_type=\"section\">\n\t\t\t\t\t\t<div class=\"elementor-container elementor-column-gap-default\">\n\t\t\t\t\t<div class=\"elementor-column elementor-col-100 elementor-top-column elementor-element elementor-element-fda730c\" data-id=\"fda730c\" data-element_type=\"column\">\n\t\t\t<div class=\"elementor-widget-wrap elementor-element-populated\">\n\t\t\t\t\t\t<div class=\"elementor-element elementor-element-4c50e48 elementor-widget elementor-widget-heading\" data-id=\"4c50e48\" data-element_type=\"widget\" data-widget_type=\"heading.default\">\n\t\t\t\t<div class=\"elementor-widget-container\">\n\t\t\t\t\t<h3 class=\"elementor-heading-title elementor-size-default\"><p style=\"margin-bottom: 0cm\">The Control Room<\/p><\/h3>\t\t\t\t<\/div>\n\t\t\t\t<\/div>\n\t\t\t\t\t<\/div>\n\t\t<\/div>\n\t\t\t\t\t<\/div>\n\t\t<\/section>\n\t\t\t\t<section class=\"elementor-section elementor-top-section elementor-element elementor-element-030938a elementor-section-boxed elementor-section-height-default elementor-section-height-default\" data-id=\"030938a\" data-element_type=\"section\">\n\t\t\t\t\t\t<div class=\"elementor-container elementor-column-gap-default\">\n\t\t\t\t\t<div class=\"elementor-column elementor-col-100 elementor-top-column elementor-element elementor-element-1fbc146\" data-id=\"1fbc146\" data-element_type=\"column\">\n\t\t\t<div class=\"elementor-widget-wrap elementor-element-populated\">\n\t\t\t\t\t\t<div class=\"elementor-element elementor-element-a2f768e elementor-widget elementor-widget-text-editor\" data-id=\"a2f768e\" data-element_type=\"widget\" data-widget_type=\"text-editor.default\">\n\t\t\t\t<div class=\"elementor-widget-container\">\n\t\t\t\t\t\t\t\t\t<p><span style=\"font-weight: 400;\">There are several cameras in each Escape Room which ensure that the game master is able to surveil the team's actions. In addition, microphones are also installed for assistance. If help is needed, the game master is ready to push the team towards the right direction by giving little hints using their microphones or walkie-talkies. You are constantly under surveillence.<\/span><\/p>\t\t\t\t\t\t\t\t<\/div>\n\t\t\t\t<\/div>\n\t\t\t\t\t<\/div>\n\t\t<\/div>\n\t\t\t\t\t<\/div>\n\t\t<\/section>\n\t\t\t\t<section class=\"elementor-section elementor-top-section elementor-element elementor-element-73817d7 elementor-section-boxed elementor-section-height-default elementor-section-height-default\" data-id=\"73817d7\" data-element_type=\"section\">\n\t\t\t\t\t\t<div class=\"elementor-container elementor-column-gap-default\">\n\t\t\t\t\t<div class=\"elementor-column elementor-col-100 elementor-top-column elementor-element elementor-element-f7a5317\" data-id=\"f7a5317\" data-element_type=\"column\">\n\t\t\t<div class=\"elementor-widget-wrap elementor-element-populated\">\n\t\t\t\t\t\t<div class=\"elementor-element elementor-element-3c87250 elementor-widget elementor-widget-heading\" data-id=\"3c87250\" data-element_type=\"widget\" data-widget_type=\"heading.default\">\n\t\t\t\t<div class=\"elementor-widget-container\">\n\t\t\t\t\t<h3 class=\"elementor-heading-title elementor-size-default\"><p style=\"margin-bottom: 0cm\">Some DON'TS in our rooms:<\/p><\/h3>\t\t\t\t<\/div>\n\t\t\t\t<\/div>\n\t\t\t\t\t<\/div>\n\t\t<\/div>\n\t\t\t\t\t<\/div>\n\t\t<\/section>\n\t\t\t\t<section class=\"elementor-section elementor-top-section elementor-element elementor-element-ddcba9b elementor-section-boxed elementor-section-height-default elementor-section-height-default\" data-id=\"ddcba9b\" data-element_type=\"section\">\n\t\t\t\t\t\t<div class=\"elementor-container elementor-column-gap-default\">\n\t\t\t\t\t<div class=\"elementor-column elementor-col-100 elementor-top-column elementor-element elementor-element-836b593\" data-id=\"836b593\" data-element_type=\"column\">\n\t\t\t<div class=\"elementor-widget-wrap elementor-element-populated\">\n\t\t\t\t\t\t<div class=\"elementor-element elementor-element-34220e0 elementor-widget elementor-widget-text-editor\" data-id=\"34220e0\" data-element_type=\"widget\" data-widget_type=\"text-editor.default\">\n\t\t\t\t<div class=\"elementor-widget-container\">\n\t\t\t\t\t\t\t\t\t<ul><li><span style=\"font-weight: 400;\">Don't climb on anything inside our rooms<\/span><\/li><li><span style=\"font-weight: 400;\">Don't break anything<\/span><\/li><li><span style=\"font-weight: 400;\">Don't remove any cables from the walls<\/span><\/li><li><span style=\"font-weight: 400;\">Don't use your mobile phones or any other device for cheating<\/span><\/li><li><span style=\"font-weight: 400;\">Don't take any photos or make any videos inside our rooms<\/span><\/li><li><span style=\"font-weight: 400;\">Don't touch anything with a \"Do not touch\"-symbol<\/span><\/li><\/ul><p>All things\/pieces of information are used only once. Everything has only one specific purpose. As a very clear example we cite a key to a lock. When the key is used, that means that you can leave the key in the lock, because there will be no other lock to unlock using that key.<\/p>\t\t\t\t\t\t\t\t<\/div>\n\t\t\t\t<\/div>\n\t\t\t\t\t<\/div>\n\t\t<\/div>\n\t\t\t\t\t<\/div>\n\t\t<\/section>\n\t\t\t\t<section class=\"elementor-section elementor-top-section elementor-element elementor-element-4dff661 elementor-section-boxed elementor-section-height-default elementor-section-height-default\" data-id=\"4dff661\" data-element_type=\"section\">\n\t\t\t\t\t\t<div class=\"elementor-container elementor-column-gap-default\">\n\t\t\t\t\t<div class=\"elementor-column elementor-col-100 elementor-top-column elementor-element elementor-element-0f9e991\" data-id=\"0f9e991\" data-element_type=\"column\">\n\t\t\t<div class=\"elementor-widget-wrap elementor-element-populated\">\n\t\t\t\t\t\t<div class=\"elementor-element elementor-element-f215184 elementor-widget elementor-widget-heading\" data-id=\"f215184\" data-element_type=\"widget\" data-widget_type=\"heading.default\">\n\t\t\t\t<div class=\"elementor-widget-container\">\n\t\t\t\t\t<h2 class=\"elementor-heading-title elementor-size-default\"><p style=\"margin-bottom: 0cm\">Playing tips<\/p><\/h2>\t\t\t\t<\/div>\n\t\t\t\t<\/div>\n\t\t\t\t\t<\/div>\n\t\t<\/div>\n\t\t\t\t\t<\/div>\n\t\t<\/section>\n\t\t\t\t<section class=\"elementor-section elementor-top-section elementor-element elementor-element-4149a5e elementor-section-boxed elementor-section-height-default elementor-section-height-default\" data-id=\"4149a5e\" data-element_type=\"section\">\n\t\t\t\t\t\t<div class=\"elementor-container elementor-column-gap-default\">\n\t\t\t\t\t<div class=\"elementor-column elementor-col-100 elementor-top-column elementor-element elementor-element-999cb53\" data-id=\"999cb53\" data-element_type=\"column\">\n\t\t\t<div class=\"elementor-widget-wrap elementor-element-populated\">\n\t\t\t\t\t\t<div class=\"elementor-element elementor-element-20d17e6 elementor-widget elementor-widget-text-editor\" data-id=\"20d17e6\" data-element_type=\"widget\" data-widget_type=\"text-editor.default\">\n\t\t\t\t<div class=\"elementor-widget-container\">\n\t\t\t\t\t\t\t\t\t<ul><li style=\"font-weight: 400;\" aria-level=\"1\"><p><span style=\"font-weight: 400;\">The team members should spread out in the room.<\/span><\/p><\/li><li style=\"font-weight: 400;\" aria-level=\"1\"><p><span style=\"font-weight: 400;\">Searching everywhere is generally a good idea upon entering an Escape Room.<\/span><\/p><\/li><li style=\"font-weight: 400;\" aria-level=\"1\"><p><span style=\"font-weight: 400;\">If you have found something interesting, tell the others.<\/span><\/p><\/li><li style=\"font-weight: 400;\" aria-level=\"1\"><p><span style=\"font-weight: 400;\">If you open a box (or the like), it is in most cases better to keep it open rather than closing it, even if you believe that you are finished with it. You may have missed something!<\/span><\/p><\/li><li style=\"font-weight: 400;\" aria-level=\"1\"><p><span style=\"font-weight: 400;\">If you have found something, you are most likely able to use it immediately, but not always. There are always several ways to complete our Escape Rooms.<\/span><\/p><\/li><li style=\"font-weight: 400;\" aria-level=\"1\"><p><span style=\"font-weight: 400;\">If you receive a hint from the game master, try to focus on the information you have received. For example: if you have received a hint to investigate the right-hand corner a little more, you should persist in doing that until you find something interesting there.<\/span><\/p><\/li><li style=\"font-weight: 400;\" aria-level=\"1\"><p><span style=\"font-weight: 400;\">Try to avoid unnecessary mistakes due to lacking communication. It often occurs that information \"changes\", so when a theory is tested, it fails, due to lacking communication.<\/span><\/p><\/li><li style=\"font-weight: 400;\" aria-level=\"1\"><p><span style=\"font-weight: 400;\">If you attempt to solve a specific problem without success, it is likely that you are doing it incorrectly. In such cases, even if you believe that your idea is very clever (and it may be so!), attempt to abandon it, as we optimize our rooms temporally in order to avoid such dead ends.<\/span><\/p><\/li><li style=\"font-weight: 400;\" aria-level=\"1\"><p><span style=\"font-weight: 400;\">It may seem to be a good idea to use a mobile phone in order to write down notes or make calculations. The issue is that you easily tend to rely on these notes, which means that if they are wrong, you will be stuck. All puzzles are crafted such that they may be solved using the items already within the room.<\/span><\/p><\/li><\/ul>\t\t\t\t\t\t\t\t<\/div>\n\t\t\t\t<\/div>\n\t\t\t\t\t<\/div>\n\t\t<\/div>\n\t\t\t\t\t<\/div>\n\t\t<\/section>\n\t\t\t\t<\/div>","protected":false},"excerpt":{"rendered":"<p>Escape Room &#8211; vad \u00e4r det? Escape Rooms \u00e4r \u00e4ventyr d\u00e4r ett team ska f\u00f6rs\u00f6ka utf\u00f6ra uppdrag i en tematiskt designad lokal. Problemen som ska l\u00f6sas \u00e4r i grunden intellektuella och logiska f\u00e4rdigheter och samarbete inom teamet kommer alltid att vara nyckeln till framg\u00e5ng. Antalet personer i v\u00e5ra rum kan variera mellan 2-8 personer, s\u00e5 [&hellip;]<\/p>","protected":false},"author":1,"featured_media":0,"parent":0,"menu_order":0,"comment_status":"closed","ping_status":"closed","template":"","meta":{"_acf_changed":false,"footnotes":""},"class_list":["post-2867","page","type-page","status-publish","hentry"],"acf":[],"yoast_head":"<!-- This site is optimized with the Yoast SEO plugin v27.4 - https:\/\/yoast.com\/product\/yoast-seo-wordpress\/ -->\n<title>V\u00e5ra spelregler - Exit Games<\/title>\n<meta name=\"robots\" content=\"index, follow, max-snippet:-1, max-image-preview:large, max-video-preview:-1\" \/>\n<link rel=\"canonical\" href=\"https:\/\/exitgames.se\/en\/our-game-rules\/\" \/>\n<meta property=\"og:locale\" content=\"en_US\" \/>\n<meta property=\"og:type\" content=\"article\" \/>\n<meta property=\"og:title\" content=\"V\u00e5ra spelregler - Exit Games\" \/>\n<meta property=\"og:description\" content=\"Escape Room &#8211; vad \u00e4r det? Escape Rooms \u00e4r \u00e4ventyr d\u00e4r ett team ska f\u00f6rs\u00f6ka utf\u00f6ra uppdrag i en tematiskt designad lokal. Problemen som ska l\u00f6sas \u00e4r i grunden intellektuella och logiska f\u00e4rdigheter och samarbete inom teamet kommer alltid att vara nyckeln till framg\u00e5ng. Antalet personer i v\u00e5ra rum kan variera mellan 2-8 personer, s\u00e5 [&hellip;]\" \/>\n<meta property=\"og:url\" content=\"https:\/\/exitgames.se\/en\/our-game-rules\/\" \/>\n<meta property=\"og:site_name\" content=\"Exit Games\" \/>\n<meta property=\"article:modified_time\" content=\"2025-06-23T15:23:04+00:00\" \/>\n<meta name=\"twitter:card\" content=\"summary_large_image\" \/>\n<meta name=\"twitter:label1\" content=\"Est. reading time\" \/>\n\t<meta name=\"twitter:data1\" content=\"4 minutes\" \/>\n<script type=\"application\/ld+json\" class=\"yoast-schema-graph\">{\"@context\":\"https:\\\/\\\/schema.org\",\"@graph\":[{\"@type\":\"WebPage\",\"@id\":\"https:\\\/\\\/exitgames.se\\\/en\\\/our-game-rules\\\/\",\"url\":\"https:\\\/\\\/exitgames.se\\\/en\\\/our-game-rules\\\/\",\"name\":\"V\u00e5ra spelregler - Exit Games\",\"isPartOf\":{\"@id\":\"https:\\\/\\\/exitgames.se\\\/#website\"},\"datePublished\":\"2024-04-16T14:42:01+00:00\",\"dateModified\":\"2025-06-23T15:23:04+00:00\",\"inLanguage\":\"en-US\",\"potentialAction\":[{\"@type\":\"ReadAction\",\"target\":[\"https:\\\/\\\/exitgames.se\\\/en\\\/our-game-rules\\\/\"]}]},{\"@type\":\"WebSite\",\"@id\":\"https:\\\/\\\/exitgames.se\\\/#website\",\"url\":\"https:\\\/\\\/exitgames.se\\\/\",\"name\":\"Exit Games\",\"description\":\"Escape Rooms in Stockholm!\",\"publisher\":{\"@id\":\"https:\\\/\\\/exitgames.se\\\/#organization\"},\"potentialAction\":[{\"@type\":\"SearchAction\",\"target\":{\"@type\":\"EntryPoint\",\"urlTemplate\":\"https:\\\/\\\/exitgames.se\\\/?s={search_term_string}\"},\"query-input\":{\"@type\":\"PropertyValueSpecification\",\"valueRequired\":true,\"valueName\":\"search_term_string\"}}],\"inLanguage\":\"en-US\"},{\"@type\":\"Organization\",\"@id\":\"https:\\\/\\\/exitgames.se\\\/#organization\",\"name\":\"Exit Games\",\"url\":\"https:\\\/\\\/exitgames.se\\\/\",\"logo\":{\"@type\":\"ImageObject\",\"inLanguage\":\"en-US\",\"@id\":\"https:\\\/\\\/exitgames.se\\\/#\\\/schema\\\/logo\\\/image\\\/\",\"url\":\"https:\\\/\\\/exitgames.se\\\/wp-content\\\/uploads\\\/2022\\\/11\\\/302741860_508597104602897_3580458953652719672_n.png\",\"contentUrl\":\"https:\\\/\\\/exitgames.se\\\/wp-content\\\/uploads\\\/2022\\\/11\\\/302741860_508597104602897_3580458953652719672_n.png\",\"width\":512,\"height\":512,\"caption\":\"Exit Games\"},\"image\":{\"@id\":\"https:\\\/\\\/exitgames.se\\\/#\\\/schema\\\/logo\\\/image\\\/\"}}]}<\/script>\n<!-- \/ Yoast SEO plugin. -->","yoast_head_json":{"title":"V\u00e5ra spelregler - Exit Games","robots":{"index":"index","follow":"follow","max-snippet":"max-snippet:-1","max-image-preview":"max-image-preview:large","max-video-preview":"max-video-preview:-1"},"canonical":"https:\/\/exitgames.se\/en\/our-game-rules\/","og_locale":"en_US","og_type":"article","og_title":"V\u00e5ra spelregler - Exit Games","og_description":"Escape Room &#8211; vad \u00e4r det? Escape Rooms \u00e4r \u00e4ventyr d\u00e4r ett team ska f\u00f6rs\u00f6ka utf\u00f6ra uppdrag i en tematiskt designad lokal. Problemen som ska l\u00f6sas \u00e4r i grunden intellektuella och logiska f\u00e4rdigheter och samarbete inom teamet kommer alltid att vara nyckeln till framg\u00e5ng. Antalet personer i v\u00e5ra rum kan variera mellan 2-8 personer, s\u00e5 [&hellip;]","og_url":"https:\/\/exitgames.se\/en\/our-game-rules\/","og_site_name":"Exit Games","article_modified_time":"2025-06-23T15:23:04+00:00","twitter_card":"summary_large_image","twitter_misc":{"Est. reading time":"4 minutes"},"schema":{"@context":"https:\/\/schema.org","@graph":[{"@type":"WebPage","@id":"https:\/\/exitgames.se\/en\/our-game-rules\/","url":"https:\/\/exitgames.se\/en\/our-game-rules\/","name":"V\u00e5ra spelregler - Exit Games","isPartOf":{"@id":"https:\/\/exitgames.se\/#website"},"datePublished":"2024-04-16T14:42:01+00:00","dateModified":"2025-06-23T15:23:04+00:00","inLanguage":"en-US","potentialAction":[{"@type":"ReadAction","target":["https:\/\/exitgames.se\/en\/our-game-rules\/"]}]},{"@type":"WebSite","@id":"https:\/\/exitgames.se\/#website","url":"https:\/\/exitgames.se\/","name":"Exit Games","description":"Escape Rooms in Stockholm!","publisher":{"@id":"https:\/\/exitgames.se\/#organization"},"potentialAction":[{"@type":"SearchAction","target":{"@type":"EntryPoint","urlTemplate":"https:\/\/exitgames.se\/?s={search_term_string}"},"query-input":{"@type":"PropertyValueSpecification","valueRequired":true,"valueName":"search_term_string"}}],"inLanguage":"en-US"},{"@type":"Organization","@id":"https:\/\/exitgames.se\/#organization","name":"Exit Games","url":"https:\/\/exitgames.se\/","logo":{"@type":"ImageObject","inLanguage":"en-US","@id":"https:\/\/exitgames.se\/#\/schema\/logo\/image\/","url":"https:\/\/exitgames.se\/wp-content\/uploads\/2022\/11\/302741860_508597104602897_3580458953652719672_n.png","contentUrl":"https:\/\/exitgames.se\/wp-content\/uploads\/2022\/11\/302741860_508597104602897_3580458953652719672_n.png","width":512,"height":512,"caption":"Exit Games"},"image":{"@id":"https:\/\/exitgames.se\/#\/schema\/logo\/image\/"}}]}},"_links":{"self":[{"href":"https:\/\/exitgames.se\/en\/wp-json\/wp\/v2\/pages\/2867","targetHints":{"allow":["GET"]}}],"collection":[{"href":"https:\/\/exitgames.se\/en\/wp-json\/wp\/v2\/pages"}],"about":[{"href":"https:\/\/exitgames.se\/en\/wp-json\/wp\/v2\/types\/page"}],"author":[{"embeddable":true,"href":"https:\/\/exitgames.se\/en\/wp-json\/wp\/v2\/users\/1"}],"replies":[{"embeddable":true,"href":"https:\/\/exitgames.se\/en\/wp-json\/wp\/v2\/comments?post=2867"}],"version-history":[{"count":0,"href":"https:\/\/exitgames.se\/en\/wp-json\/wp\/v2\/pages\/2867\/revisions"}],"wp:attachment":[{"href":"https:\/\/exitgames.se\/en\/wp-json\/wp\/v2\/media?parent=2867"}],"curies":[{"name":"wp","href":"https:\/\/api.w.org\/{rel}","templated":true}]}}