{"id":2899,"date":"2024-05-02T09:13:04","date_gmt":"2024-05-02T07:13:04","guid":{"rendered":"https:\/\/exitgames.se\/?page_id=2899"},"modified":"2025-06-23T18:25:49","modified_gmt":"2025-06-23T16:25:49","slug":"murder-game","status":"publish","type":"page","link":"https:\/\/exitgames.se\/en\/murder-game\/","title":{"rendered":"Murder Game"},"content":{"rendered":"<div data-elementor-type=\"wp-page\" data-elementor-id=\"2899\" class=\"elementor elementor-2899\">\n\t\t\t\t\t\t<section class=\"elementor-section elementor-top-section elementor-element elementor-element-589dbda elementor-section-boxed elementor-section-height-default elementor-section-height-default\" data-id=\"589dbda\" data-element_type=\"section\">\n\t\t\t\t\t\t<div class=\"elementor-container elementor-column-gap-default\">\n\t\t\t\t\t<div class=\"elementor-column elementor-col-100 elementor-top-column elementor-element elementor-element-3d7c240\" data-id=\"3d7c240\" data-element_type=\"column\">\n\t\t\t<div class=\"elementor-widget-wrap elementor-element-populated\">\n\t\t\t\t\t\t<div class=\"elementor-element elementor-element-de4f5c3 elementor-widget elementor-widget-heading\" data-id=\"de4f5c3\" data-element_type=\"widget\" data-widget_type=\"heading.default\">\n\t\t\t\t<div class=\"elementor-widget-container\">\n\t\t\t\t\t<h2 class=\"elementor-heading-title elementor-size-default\">The Mystic Murder in Gamla stan<\/h2>\t\t\t\t<\/div>\n\t\t\t\t<\/div>\n\t\t\t\t\t<\/div>\n\t\t<\/div>\n\t\t\t\t\t<\/div>\n\t\t<\/section>\n\t\t\t\t<section class=\"elementor-section elementor-top-section elementor-element elementor-element-fc8813d elementor-section-boxed elementor-section-height-default elementor-section-height-default\" data-id=\"fc8813d\" data-element_type=\"section\">\n\t\t\t\t\t\t<div class=\"elementor-container elementor-column-gap-default\">\n\t\t\t\t\t<div class=\"elementor-column elementor-col-100 elementor-top-column elementor-element elementor-element-d096ace\" data-id=\"d096ace\" data-element_type=\"column\">\n\t\t\t<div class=\"elementor-widget-wrap elementor-element-populated\">\n\t\t\t\t\t\t<div class=\"elementor-element elementor-element-cc1a153 elementor-widget elementor-widget-text-editor\" data-id=\"cc1a153\" data-element_type=\"widget\" data-widget_type=\"text-editor.default\">\n\t\t\t\t<div class=\"elementor-widget-container\">\n\t\t\t\t\t\t\t\t\t<p>This is an outdoor game!<\/p><p>A mystic murder occurred in Gamla stan several hundreds of years ago. You are a team of detectives who shall try to figure out what happened. The game will take you on a pleasant tour in Gamla stan and while you solve riddles to complete the investigation.<\/p><p>The game is exclusively in English!<\/p><p>The price for one team is 250 SEK incl. VAT. Everyone can join the game through their phones.<\/p><p>E-mail us for instructions on payment or visit one of our locations and pay there (during working hours).<\/p><p>E-mail: booking@exitgames.se<br \/>Tele: +46 (0)735 22 45 05<\/p><p>You will receive the password to begin the game upon paying.<\/p><p>(Please note that the password will be changed over time, usually on Tuesdays. Let us know if you run into any problems.)<\/p>\t\t\t\t\t\t\t\t<\/div>\n\t\t\t\t<\/div>\n\t\t\t\t\t<\/div>\n\t\t<\/div>\n\t\t\t\t\t<\/div>\n\t\t<\/section>\n\t\t\t\t<section class=\"elementor-section elementor-top-section elementor-element elementor-element-0943ff8 elementor-section-boxed elementor-section-height-default elementor-section-height-default\" data-id=\"0943ff8\" data-element_type=\"section\">\n\t\t\t\t\t\t<div class=\"elementor-container elementor-column-gap-default\">\n\t\t\t\t\t<div class=\"elementor-column elementor-col-100 elementor-top-column elementor-element elementor-element-2e0144a\" data-id=\"2e0144a\" data-element_type=\"column\">\n\t\t\t<div class=\"elementor-widget-wrap elementor-element-populated\">\n\t\t\t\t\t\t<div class=\"elementor-element elementor-element-383d058 elementor-view-default elementor-widget elementor-widget-icon\" data-id=\"383d058\" data-element_type=\"widget\" data-widget_type=\"icon.default\">\n\t\t\t\t<div class=\"elementor-widget-container\">\n\t\t\t\t\t\t\t<div class=\"elementor-icon-wrapper\">\n\t\t\t<a class=\"elementor-icon\" href=\"https:\/\/exitgames.se\/en\/murder-game\/instructions\/\" target=\"_blank\">\n\t\t\t<i aria-hidden=\"true\" class=\"fas fa-arrow-circle-right\"><\/i>\t\t\t<\/a>\n\t\t<\/div>\n\t\t\t\t\t\t<\/div>\n\t\t\t\t<\/div>\n\t\t\t\t\t<\/div>\n\t\t<\/div>\n\t\t\t\t\t<\/div>\n\t\t<\/section>\n\t\t\t\t<section class=\"elementor-section elementor-top-section elementor-element elementor-element-ced03a7 elementor-section-boxed elementor-section-height-default elementor-section-height-default\" data-id=\"ced03a7\" data-element_type=\"section\">\n\t\t\t\t\t\t<div class=\"elementor-container elementor-column-gap-default\">\n\t\t\t\t\t<div class=\"elementor-column elementor-col-100 elementor-top-column elementor-element elementor-element-819701a\" data-id=\"819701a\" data-element_type=\"column\">\n\t\t\t<div class=\"elementor-widget-wrap elementor-element-populated\">\n\t\t\t\t\t\t<div class=\"elementor-element elementor-element-a176532 elementor-widget elementor-widget-image\" data-id=\"a176532\" data-element_type=\"widget\" data-widget_type=\"image.default\">\n\t\t\t\t<div class=\"elementor-widget-container\">\n\t\t\t\t\t\t\t\t\t\t\t\t\t\t\t<img fetchpriority=\"high\" decoding=\"async\" width=\"575\" height=\"715\" src=\"https:\/\/exitgames.se\/wp-content\/uploads\/2024\/05\/MurderGameFRONT.jpg\" class=\"attachment-large size-large wp-image-3882\" alt=\"\" srcset=\"https:\/\/exitgames.se\/wp-content\/uploads\/2024\/05\/MurderGameFRONT.jpg 575w, https:\/\/exitgames.se\/wp-content\/uploads\/2024\/05\/MurderGameFRONT-241x300.jpg 241w, https:\/\/exitgames.se\/wp-content\/uploads\/2024\/05\/MurderGameFRONT-10x12.jpg 10w\" sizes=\"(max-width: 575px) 100vw, 575px\" \/>\t\t\t\t\t\t\t\t\t\t\t\t\t\t\t<\/div>\n\t\t\t\t<\/div>\n\t\t\t\t\t<\/div>\n\t\t<\/div>\n\t\t\t\t\t<\/div>\n\t\t<\/section>\n\t\t\t\t<\/div>","protected":false},"excerpt":{"rendered":"<p>Mystiska mordet i Gamla stan Detta \u00e4r ett utomhusspel! Ett mystiskt mord skedde i Gamla stan flera hundra \u00e5r sedan. Ni \u00e4r ett team detektiver som ska f\u00f6rs\u00f6ka klura ut vad som h\u00e4nde. Spelet tar er p\u00e5 en fin tur runt Gamla stan medan ni l\u00f6ser g\u00e5tor f\u00f6r att slutf\u00f6ra unders\u00f6kningen. Spelet \u00e4r uteslutande p\u00e5 [&hellip;]<\/p>","protected":false},"author":1,"featured_media":0,"parent":0,"menu_order":0,"comment_status":"closed","ping_status":"closed","template":"","meta":{"_acf_changed":false,"footnotes":""},"class_list":["post-2899","page","type-page","status-publish","hentry"],"acf":[],"_links":{"self":[{"href":"https:\/\/exitgames.se\/en\/wp-json\/wp\/v2\/pages\/2899","targetHints":{"allow":["GET"]}}],"collection":[{"href":"https:\/\/exitgames.se\/en\/wp-json\/wp\/v2\/pages"}],"about":[{"href":"https:\/\/exitgames.se\/en\/wp-json\/wp\/v2\/types\/page"}],"author":[{"embeddable":true,"href":"https:\/\/exitgames.se\/en\/wp-json\/wp\/v2\/users\/1"}],"replies":[{"embeddable":true,"href":"https:\/\/exitgames.se\/en\/wp-json\/wp\/v2\/comments?post=2899"}],"version-history":[{"count":0,"href":"https:\/\/exitgames.se\/en\/wp-json\/wp\/v2\/pages\/2899\/revisions"}],"wp:attachment":[{"href":"https:\/\/exitgames.se\/en\/wp-json\/wp\/v2\/media?parent=2899"}],"curies":[{"name":"wp","href":"https:\/\/api.w.org\/{rel}","templated":true}]}}