{"id":4893,"date":"2024-06-17T13:23:45","date_gmt":"2024-06-17T11:23:45","guid":{"rendered":"https:\/\/exitgames.se\/?page_id=4893"},"modified":"2025-06-23T18:32:21","modified_gmt":"2025-06-23T16:32:21","slug":"city-games","status":"publish","type":"page","link":"https:\/\/exitgames.se\/en\/city-games\/","title":{"rendered":"City Games"},"content":{"rendered":"<div data-elementor-type=\"wp-page\" data-elementor-id=\"4893\" class=\"elementor elementor-4893\">\n\t\t\t\t\t\t<section class=\"elementor-section elementor-top-section elementor-element elementor-element-3e66948 elementor-section-boxed elementor-section-height-default elementor-section-height-default\" data-id=\"3e66948\" data-element_type=\"section\">\n\t\t\t\t\t\t<div class=\"elementor-container elementor-column-gap-default\">\n\t\t\t\t\t<div class=\"elementor-column elementor-col-100 elementor-top-column elementor-element elementor-element-30b05e2\" data-id=\"30b05e2\" data-element_type=\"column\">\n\t\t\t<div class=\"elementor-widget-wrap elementor-element-populated\">\n\t\t\t\t\t\t<div class=\"elementor-element elementor-element-80ce3ae elementor-widget elementor-widget-heading\" data-id=\"80ce3ae\" data-element_type=\"widget\" data-widget_type=\"heading.default\">\n\t\t\t\t<div class=\"elementor-widget-container\">\n\t\t\t\t\t<h2 class=\"elementor-heading-title elementor-size-default\">Utomhusspel<\/h2>\t\t\t\t<\/div>\n\t\t\t\t<\/div>\n\t\t\t\t\t<\/div>\n\t\t<\/div>\n\t\t\t\t\t<\/div>\n\t\t<\/section>\n\t\t\t\t<section class=\"elementor-section elementor-top-section elementor-element elementor-element-edf2138 elementor-section-boxed elementor-section-height-default elementor-section-height-default\" data-id=\"edf2138\" data-element_type=\"section\">\n\t\t\t\t\t\t<div class=\"elementor-container elementor-column-gap-default\">\n\t\t\t\t\t<div class=\"elementor-column elementor-col-100 elementor-top-column elementor-element elementor-element-c9a880e\" data-id=\"c9a880e\" data-element_type=\"column\">\n\t\t\t<div class=\"elementor-widget-wrap elementor-element-populated\">\n\t\t\t\t\t\t<div class=\"elementor-element elementor-element-8f0a4fb elementor-widget elementor-widget-text-editor\" data-id=\"8f0a4fb\" data-element_type=\"widget\" data-widget_type=\"text-editor.default\">\n\t\t\t\t<div class=\"elementor-widget-container\">\n\t\t\t\t\t\t\t\t\t<p>City Games are perfect for when the weather outside is sunny and you'd rather spend time outside than inside. Exit Games have a location in the central parts of Gamla stan and we concentrate our outdoor games there. As for right now, we only have one, but that will change with time.<\/p>\t\t\t\t\t\t\t\t<\/div>\n\t\t\t\t<\/div>\n\t\t\t\t\t<\/div>\n\t\t<\/div>\n\t\t\t\t\t<\/div>\n\t\t<\/section>\n\t\t\t\t<section class=\"elementor-section elementor-top-section elementor-element elementor-element-0626f2b elementor-section-boxed elementor-section-height-default elementor-section-height-default\" data-id=\"0626f2b\" data-element_type=\"section\">\n\t\t\t\t\t\t<div class=\"elementor-container elementor-column-gap-default\">\n\t\t\t\t\t<div class=\"elementor-column elementor-col-100 elementor-top-column elementor-element elementor-element-db1fc63\" data-id=\"db1fc63\" data-element_type=\"column\">\n\t\t\t<div class=\"elementor-widget-wrap elementor-element-populated\">\n\t\t\t\t\t\t<div class=\"elementor-element elementor-element-5230ccd elementor-widget elementor-widget-heading\" data-id=\"5230ccd\" data-element_type=\"widget\" data-widget_type=\"heading.default\">\n\t\t\t\t<div class=\"elementor-widget-container\">\n\t\t\t\t\t<h2 class=\"elementor-heading-title elementor-size-default\">The Mystic Murder in Gamla stan<\/h2>\t\t\t\t<\/div>\n\t\t\t\t<\/div>\n\t\t\t\t\t<\/div>\n\t\t<\/div>\n\t\t\t\t\t<\/div>\n\t\t<\/section>\n\t\t\t\t<section class=\"elementor-section elementor-top-section elementor-element elementor-element-a4925a6 elementor-section-boxed elementor-section-height-default elementor-section-height-default\" data-id=\"a4925a6\" data-element_type=\"section\">\n\t\t\t\t\t\t<div class=\"elementor-container elementor-column-gap-default\">\n\t\t\t\t\t<div class=\"elementor-column elementor-col-100 elementor-top-column elementor-element elementor-element-5fb5769\" data-id=\"5fb5769\" data-element_type=\"column\">\n\t\t\t<div class=\"elementor-widget-wrap elementor-element-populated\">\n\t\t\t\t\t\t<div class=\"elementor-element elementor-element-1e20e2a elementor-widget elementor-widget-image\" data-id=\"1e20e2a\" data-element_type=\"widget\" data-widget_type=\"image.default\">\n\t\t\t\t<div class=\"elementor-widget-container\">\n\t\t\t\t\t\t\t\t\t\t\t\t\t\t\t<img fetchpriority=\"high\" decoding=\"async\" width=\"567\" height=\"224\" src=\"https:\/\/exitgames.se\/wp-content\/uploads\/2024\/05\/Mystic-murder-Titel.jpg\" class=\"attachment-large size-large wp-image-2950\" alt=\"\" srcset=\"https:\/\/exitgames.se\/wp-content\/uploads\/2024\/05\/Mystic-murder-Titel.jpg 567w, https:\/\/exitgames.se\/wp-content\/uploads\/2024\/05\/Mystic-murder-Titel-300x119.jpg 300w, https:\/\/exitgames.se\/wp-content\/uploads\/2024\/05\/Mystic-murder-Titel-18x7.jpg 18w\" sizes=\"(max-width: 567px) 100vw, 567px\" \/>\t\t\t\t\t\t\t\t\t\t\t\t\t\t\t<\/div>\n\t\t\t\t<\/div>\n\t\t\t\t\t<\/div>\n\t\t<\/div>\n\t\t\t\t\t<\/div>\n\t\t<\/section>\n\t\t\t\t<section class=\"elementor-section elementor-top-section elementor-element elementor-element-5cb2a36 elementor-section-boxed elementor-section-height-default elementor-section-height-default\" data-id=\"5cb2a36\" data-element_type=\"section\">\n\t\t\t\t\t\t<div class=\"elementor-container elementor-column-gap-default\">\n\t\t\t\t\t<div class=\"elementor-column elementor-col-100 elementor-top-column elementor-element elementor-element-a60d636\" data-id=\"a60d636\" data-element_type=\"column\">\n\t\t\t<div class=\"elementor-widget-wrap elementor-element-populated\">\n\t\t\t\t\t\t<div class=\"elementor-element elementor-element-c4cc0df elementor-widget elementor-widget-text-editor\" data-id=\"c4cc0df\" data-element_type=\"widget\" data-widget_type=\"text-editor.default\">\n\t\t\t\t<div class=\"elementor-widget-container\">\n\t\t\t\t\t\t\t\t\t<p>This is a City Game where your team will follow a murder case step-by-step in Gamla stan. Follow the trail and figure out what happened there hundreds of years ago!<\/p><p>The price for one team is 250 SEK.<\/p><p>Click the symbol below for more information.<\/p>\t\t\t\t\t\t\t\t<\/div>\n\t\t\t\t<\/div>\n\t\t\t\t<div class=\"elementor-element elementor-element-d345cae elementor-view-default elementor-widget elementor-widget-icon\" data-id=\"d345cae\" data-element_type=\"widget\" data-widget_type=\"icon.default\">\n\t\t\t\t<div class=\"elementor-widget-container\">\n\t\t\t\t\t\t\t<div class=\"elementor-icon-wrapper\">\n\t\t\t<a class=\"elementor-icon\" href=\"https:\/\/exitgames.se\/en\/murder-game\/\">\n\t\t\t<i aria-hidden=\"true\" class=\"far fa-hand-point-right\"><\/i>\t\t\t<\/a>\n\t\t<\/div>\n\t\t\t\t\t\t<\/div>\n\t\t\t\t<\/div>\n\t\t\t\t\t<\/div>\n\t\t<\/div>\n\t\t\t\t\t<\/div>\n\t\t<\/section>\n\t\t\t\t<\/div>","protected":false},"excerpt":{"rendered":"<p>Utomhusspel City Games \u00e4r perfekta n\u00e4r solen tittar fram och ni hellre skulle vara utomhus \u00e4n inomhus. Exit Games har en lokal i mitten av Gamla stan och vi koncentrerar v\u00e5ra utomhusspel d\u00e4r. F\u00f6r tillf\u00e4llet har vi bara ett s\u00e5dant, men det faktumet kommer att \u00e4ndras med tiden. Mystiska mordet i Gamla stan Detta \u00e4r [&hellip;]<\/p>","protected":false},"author":1,"featured_media":0,"parent":0,"menu_order":0,"comment_status":"closed","ping_status":"closed","template":"","meta":{"_acf_changed":false,"footnotes":""},"class_list":["post-4893","page","type-page","status-publish","hentry"],"acf":[],"yoast_head":"<!-- This site is optimized with the Yoast SEO plugin v27.4 - https:\/\/yoast.com\/product\/yoast-seo-wordpress\/ -->\n<title>City Games - Exit Games<\/title>\n<meta name=\"robots\" content=\"index, follow, max-snippet:-1, max-image-preview:large, max-video-preview:-1\" \/>\n<link rel=\"canonical\" href=\"https:\/\/exitgames.se\/en\/city-games\/\" \/>\n<meta property=\"og:locale\" content=\"en_US\" \/>\n<meta property=\"og:type\" content=\"article\" \/>\n<meta property=\"og:title\" content=\"City Games - Exit Games\" \/>\n<meta property=\"og:description\" content=\"Utomhusspel City Games \u00e4r perfekta n\u00e4r solen tittar fram och ni hellre skulle vara utomhus \u00e4n inomhus. Exit Games har en lokal i mitten av Gamla stan och vi koncentrerar v\u00e5ra utomhusspel d\u00e4r. F\u00f6r tillf\u00e4llet har vi bara ett s\u00e5dant, men det faktumet kommer att \u00e4ndras med tiden. Mystiska mordet i Gamla stan Detta \u00e4r [&hellip;]\" \/>\n<meta property=\"og:url\" content=\"https:\/\/exitgames.se\/en\/city-games\/\" \/>\n<meta property=\"og:site_name\" content=\"Exit Games\" \/>\n<meta property=\"article:modified_time\" content=\"2025-06-23T16:32:21+00:00\" \/>\n<meta property=\"og:image\" content=\"https:\/\/exitgames.se\/wp-content\/uploads\/2024\/05\/Mystic-murder-Titel.jpg\" \/>\n\t<meta property=\"og:image:width\" content=\"567\" \/>\n\t<meta property=\"og:image:height\" content=\"224\" \/>\n\t<meta property=\"og:image:type\" content=\"image\/jpeg\" \/>\n<meta name=\"twitter:card\" content=\"summary_large_image\" \/>\n<meta name=\"twitter:label1\" content=\"Est. reading time\" \/>\n\t<meta name=\"twitter:data1\" content=\"1 minute\" \/>\n<script type=\"application\/ld+json\" class=\"yoast-schema-graph\">{\"@context\":\"https:\\\/\\\/schema.org\",\"@graph\":[{\"@type\":\"WebPage\",\"@id\":\"https:\\\/\\\/exitgames.se\\\/en\\\/city-games\\\/\",\"url\":\"https:\\\/\\\/exitgames.se\\\/en\\\/city-games\\\/\",\"name\":\"City Games - Exit Games\",\"isPartOf\":{\"@id\":\"https:\\\/\\\/exitgames.se\\\/#website\"},\"primaryImageOfPage\":{\"@id\":\"https:\\\/\\\/exitgames.se\\\/en\\\/city-games\\\/#primaryimage\"},\"image\":{\"@id\":\"https:\\\/\\\/exitgames.se\\\/en\\\/city-games\\\/#primaryimage\"},\"thumbnailUrl\":\"https:\\\/\\\/exitgames.se\\\/wp-content\\\/uploads\\\/2024\\\/05\\\/Mystic-murder-Titel.jpg\",\"datePublished\":\"2024-06-17T11:23:45+00:00\",\"dateModified\":\"2025-06-23T16:32:21+00:00\",\"inLanguage\":\"en-US\",\"potentialAction\":[{\"@type\":\"ReadAction\",\"target\":[\"https:\\\/\\\/exitgames.se\\\/en\\\/city-games\\\/\"]}]},{\"@type\":\"ImageObject\",\"inLanguage\":\"en-US\",\"@id\":\"https:\\\/\\\/exitgames.se\\\/en\\\/city-games\\\/#primaryimage\",\"url\":\"https:\\\/\\\/exitgames.se\\\/wp-content\\\/uploads\\\/2024\\\/05\\\/Mystic-murder-Titel.jpg\",\"contentUrl\":\"https:\\\/\\\/exitgames.se\\\/wp-content\\\/uploads\\\/2024\\\/05\\\/Mystic-murder-Titel.jpg\"},{\"@type\":\"WebSite\",\"@id\":\"https:\\\/\\\/exitgames.se\\\/#website\",\"url\":\"https:\\\/\\\/exitgames.se\\\/\",\"name\":\"Exit Games\",\"description\":\"Escape Rooms in Stockholm!\",\"publisher\":{\"@id\":\"https:\\\/\\\/exitgames.se\\\/#organization\"},\"potentialAction\":[{\"@type\":\"SearchAction\",\"target\":{\"@type\":\"EntryPoint\",\"urlTemplate\":\"https:\\\/\\\/exitgames.se\\\/?s={search_term_string}\"},\"query-input\":{\"@type\":\"PropertyValueSpecification\",\"valueRequired\":true,\"valueName\":\"search_term_string\"}}],\"inLanguage\":\"en-US\"},{\"@type\":\"Organization\",\"@id\":\"https:\\\/\\\/exitgames.se\\\/#organization\",\"name\":\"Exit Games\",\"url\":\"https:\\\/\\\/exitgames.se\\\/\",\"logo\":{\"@type\":\"ImageObject\",\"inLanguage\":\"en-US\",\"@id\":\"https:\\\/\\\/exitgames.se\\\/#\\\/schema\\\/logo\\\/image\\\/\",\"url\":\"https:\\\/\\\/exitgames.se\\\/wp-content\\\/uploads\\\/2022\\\/11\\\/302741860_508597104602897_3580458953652719672_n.png\",\"contentUrl\":\"https:\\\/\\\/exitgames.se\\\/wp-content\\\/uploads\\\/2022\\\/11\\\/302741860_508597104602897_3580458953652719672_n.png\",\"width\":512,\"height\":512,\"caption\":\"Exit Games\"},\"image\":{\"@id\":\"https:\\\/\\\/exitgames.se\\\/#\\\/schema\\\/logo\\\/image\\\/\"}}]}<\/script>\n<!-- \/ Yoast SEO plugin. -->","yoast_head_json":{"title":"City Games - Exit Games","robots":{"index":"index","follow":"follow","max-snippet":"max-snippet:-1","max-image-preview":"max-image-preview:large","max-video-preview":"max-video-preview:-1"},"canonical":"https:\/\/exitgames.se\/en\/city-games\/","og_locale":"en_US","og_type":"article","og_title":"City Games - Exit Games","og_description":"Utomhusspel City Games \u00e4r perfekta n\u00e4r solen tittar fram och ni hellre skulle vara utomhus \u00e4n inomhus. Exit Games har en lokal i mitten av Gamla stan och vi koncentrerar v\u00e5ra utomhusspel d\u00e4r. F\u00f6r tillf\u00e4llet har vi bara ett s\u00e5dant, men det faktumet kommer att \u00e4ndras med tiden. Mystiska mordet i Gamla stan Detta \u00e4r [&hellip;]","og_url":"https:\/\/exitgames.se\/en\/city-games\/","og_site_name":"Exit Games","article_modified_time":"2025-06-23T16:32:21+00:00","og_image":[{"width":567,"height":224,"url":"https:\/\/exitgames.se\/wp-content\/uploads\/2024\/05\/Mystic-murder-Titel.jpg","type":"image\/jpeg"}],"twitter_card":"summary_large_image","twitter_misc":{"Est. reading time":"1 minute"},"schema":{"@context":"https:\/\/schema.org","@graph":[{"@type":"WebPage","@id":"https:\/\/exitgames.se\/en\/city-games\/","url":"https:\/\/exitgames.se\/en\/city-games\/","name":"City Games - Exit Games","isPartOf":{"@id":"https:\/\/exitgames.se\/#website"},"primaryImageOfPage":{"@id":"https:\/\/exitgames.se\/en\/city-games\/#primaryimage"},"image":{"@id":"https:\/\/exitgames.se\/en\/city-games\/#primaryimage"},"thumbnailUrl":"https:\/\/exitgames.se\/wp-content\/uploads\/2024\/05\/Mystic-murder-Titel.jpg","datePublished":"2024-06-17T11:23:45+00:00","dateModified":"2025-06-23T16:32:21+00:00","inLanguage":"en-US","potentialAction":[{"@type":"ReadAction","target":["https:\/\/exitgames.se\/en\/city-games\/"]}]},{"@type":"ImageObject","inLanguage":"en-US","@id":"https:\/\/exitgames.se\/en\/city-games\/#primaryimage","url":"https:\/\/exitgames.se\/wp-content\/uploads\/2024\/05\/Mystic-murder-Titel.jpg","contentUrl":"https:\/\/exitgames.se\/wp-content\/uploads\/2024\/05\/Mystic-murder-Titel.jpg"},{"@type":"WebSite","@id":"https:\/\/exitgames.se\/#website","url":"https:\/\/exitgames.se\/","name":"Exit Games","description":"Escape Rooms in Stockholm!","publisher":{"@id":"https:\/\/exitgames.se\/#organization"},"potentialAction":[{"@type":"SearchAction","target":{"@type":"EntryPoint","urlTemplate":"https:\/\/exitgames.se\/?s={search_term_string}"},"query-input":{"@type":"PropertyValueSpecification","valueRequired":true,"valueName":"search_term_string"}}],"inLanguage":"en-US"},{"@type":"Organization","@id":"https:\/\/exitgames.se\/#organization","name":"Exit Games","url":"https:\/\/exitgames.se\/","logo":{"@type":"ImageObject","inLanguage":"en-US","@id":"https:\/\/exitgames.se\/#\/schema\/logo\/image\/","url":"https:\/\/exitgames.se\/wp-content\/uploads\/2022\/11\/302741860_508597104602897_3580458953652719672_n.png","contentUrl":"https:\/\/exitgames.se\/wp-content\/uploads\/2022\/11\/302741860_508597104602897_3580458953652719672_n.png","width":512,"height":512,"caption":"Exit Games"},"image":{"@id":"https:\/\/exitgames.se\/#\/schema\/logo\/image\/"}}]}},"_links":{"self":[{"href":"https:\/\/exitgames.se\/en\/wp-json\/wp\/v2\/pages\/4893","targetHints":{"allow":["GET"]}}],"collection":[{"href":"https:\/\/exitgames.se\/en\/wp-json\/wp\/v2\/pages"}],"about":[{"href":"https:\/\/exitgames.se\/en\/wp-json\/wp\/v2\/types\/page"}],"author":[{"embeddable":true,"href":"https:\/\/exitgames.se\/en\/wp-json\/wp\/v2\/users\/1"}],"replies":[{"embeddable":true,"href":"https:\/\/exitgames.se\/en\/wp-json\/wp\/v2\/comments?post=4893"}],"version-history":[{"count":0,"href":"https:\/\/exitgames.se\/en\/wp-json\/wp\/v2\/pages\/4893\/revisions"}],"wp:attachment":[{"href":"https:\/\/exitgames.se\/en\/wp-json\/wp\/v2\/media?parent=4893"}],"curies":[{"name":"wp","href":"https:\/\/api.w.org\/{rel}","templated":true}]}}