{"id":5873,"date":"2025-07-16T15:32:40","date_gmt":"2025-07-16T13:32:40","guid":{"rendered":"https:\/\/exitgames.se\/?page_id=5873"},"modified":"2025-07-23T11:48:04","modified_gmt":"2025-07-23T09:48:04","slug":"mission-undercover","status":"publish","type":"page","link":"https:\/\/exitgames.se\/en\/mission-undercover\/","title":{"rendered":"Mission undercover"},"content":{"rendered":"<p>Dangerous bomb squad mission!<\/p>\n<p>\u2013 Inkommande s\u00e4ndning \u2013 Plats: Kontraspionagebunker i [CENSURERAD] Uppdrag: Vi har hittat den hemliga bunkern. Ditt uppdrag \u00e4r enkelt \u2013 infiltrera basen, bev\u00e4pna bomben och st\u00e4ll in timern. Inga problem f\u00f6r ett spionlag, eller hur? &#8211;H\u00e4r \u00e4r den sv\u00e5ra delen: Att komma ut levande! Detta uppdrag kommer att kr\u00e4va alla dina f\u00e4rdigheter och kreativitet. Lycka till agenter!<br \/>\n&#8212;&#8212;&#8212;&#8212;&#8212;&#8212;&#8212;&#8212;&#8212;&#8212;&#8212;&#8212;&#8212;&#8212;&#8212;&#8212;&#8212;&#8212;&#8212;&#8212;<br \/>\nEscape Room for up to 6 players.<br \/>\n&#8212;&#8212;&#8212;&#8212;&#8212;&#8212;&#8212;&#8212;&#8212;&#8212;&#8212;&#8212;&#8212;&#8212;&#8212;&#8212;&#8212;&#8212;&#8212;&#8212;&#8212;&#8212;&#8212;&#8212;&#8212;<br \/>\nSince you are a team of agents that shall infiltrate a spy base, you may expect some physical activity to complete the Escape Room. There is no need for expensive clothes - we highly recommend casual clothing. The room is highly appreciated by families but of course also by adults.<br \/>\n&#8212;&#8212;&#8212;&#8212;&#8212;&#8212;&#8212;&#8212;&#8212;&#8212;&#8212;&#8212;&#8212;&#8212;&#8212;&#8211;<br \/>\nDifficulty 3\/5<\/p>\n<div style=\"background-color:white;\">\n<iframe border=\"0\" height=\"550\" scrolling=\"no\" src=\"https:\/\/exitgames.se\/booking\/booking_time.php?mission=UNDERCOVER&#038;shift=0\" style=\" border: none; margin: 0; padding: 0;\" width=\"100%\"><\/iframe>\n<\/div>","protected":false},"excerpt":{"rendered":"<p>Farligt bombgruppsuppdrag! \u2013 Inkommande s\u00e4ndning \u2013 Plats: Kontraspionagebunker i [CENSURERAD] Uppdrag: Vi har hittat den hemliga bunkern. Ditt uppdrag \u00e4r enkelt \u2013 infiltrera basen, bev\u00e4pna bomben och st\u00e4ll in timern. Inga problem f\u00f6r ett spionlag, eller hur? &#8211;H\u00e4r \u00e4r den sv\u00e5ra delen: Att komma ut levande! Detta uppdrag kommer att kr\u00e4va alla dina f\u00e4rdigheter och [&hellip;]<\/p>","protected":false},"author":1,"featured_media":0,"parent":0,"menu_order":0,"comment_status":"closed","ping_status":"closed","template":"","meta":{"_acf_changed":false,"footnotes":""},"class_list":["post-5873","page","type-page","status-publish","hentry"],"acf":[],"yoast_head":"<!-- This site is optimized with the Yoast SEO plugin v27.4 - https:\/\/yoast.com\/product\/yoast-seo-wordpress\/ -->\n<title>Mission undercover - Exit Games<\/title>\n<meta name=\"robots\" content=\"index, follow, max-snippet:-1, max-image-preview:large, max-video-preview:-1\" \/>\n<link rel=\"canonical\" href=\"https:\/\/exitgames.se\/en\/mission-undercover\/\" \/>\n<meta property=\"og:locale\" content=\"en_US\" \/>\n<meta property=\"og:type\" content=\"article\" \/>\n<meta property=\"og:title\" content=\"Mission undercover - Exit Games\" \/>\n<meta property=\"og:description\" content=\"Farligt bombgruppsuppdrag! \u2013 Inkommande s\u00e4ndning \u2013 Plats: Kontraspionagebunker i [CENSURERAD] Uppdrag: Vi har hittat den hemliga bunkern. Ditt uppdrag \u00e4r enkelt \u2013 infiltrera basen, bev\u00e4pna bomben och st\u00e4ll in timern. Inga problem f\u00f6r ett spionlag, eller hur? &#8211;H\u00e4r \u00e4r den sv\u00e5ra delen: Att komma ut levande! Detta uppdrag kommer att kr\u00e4va alla dina f\u00e4rdigheter och [&hellip;]\" \/>\n<meta property=\"og:url\" content=\"https:\/\/exitgames.se\/en\/mission-undercover\/\" \/>\n<meta property=\"og:site_name\" content=\"Exit Games\" \/>\n<meta property=\"article:modified_time\" content=\"2025-07-23T09:48:04+00:00\" \/>\n<meta name=\"twitter:card\" content=\"summary_large_image\" \/>\n<meta name=\"twitter:label1\" content=\"Est. reading time\" \/>\n\t<meta name=\"twitter:data1\" content=\"1 minute\" \/>\n<script type=\"application\/ld+json\" class=\"yoast-schema-graph\">{\"@context\":\"https:\\\/\\\/schema.org\",\"@graph\":[{\"@type\":\"WebPage\",\"@id\":\"https:\\\/\\\/exitgames.se\\\/mission-undercover\\\/\",\"url\":\"https:\\\/\\\/exitgames.se\\\/mission-undercover\\\/\",\"name\":\"Mission undercover - Exit Games\",\"isPartOf\":{\"@id\":\"https:\\\/\\\/exitgames.se\\\/#website\"},\"datePublished\":\"2025-07-16T13:32:40+00:00\",\"dateModified\":\"2025-07-23T09:48:04+00:00\",\"inLanguage\":\"en-US\",\"potentialAction\":[{\"@type\":\"ReadAction\",\"target\":[\"https:\\\/\\\/exitgames.se\\\/mission-undercover\\\/\"]}]},{\"@type\":\"WebSite\",\"@id\":\"https:\\\/\\\/exitgames.se\\\/#website\",\"url\":\"https:\\\/\\\/exitgames.se\\\/\",\"name\":\"Exit Games\",\"description\":\"Escape Rooms in Stockholm!\",\"publisher\":{\"@id\":\"https:\\\/\\\/exitgames.se\\\/#organization\"},\"potentialAction\":[{\"@type\":\"SearchAction\",\"target\":{\"@type\":\"EntryPoint\",\"urlTemplate\":\"https:\\\/\\\/exitgames.se\\\/?s={search_term_string}\"},\"query-input\":{\"@type\":\"PropertyValueSpecification\",\"valueRequired\":true,\"valueName\":\"search_term_string\"}}],\"inLanguage\":\"en-US\"},{\"@type\":\"Organization\",\"@id\":\"https:\\\/\\\/exitgames.se\\\/#organization\",\"name\":\"Exit Games\",\"url\":\"https:\\\/\\\/exitgames.se\\\/\",\"logo\":{\"@type\":\"ImageObject\",\"inLanguage\":\"en-US\",\"@id\":\"https:\\\/\\\/exitgames.se\\\/#\\\/schema\\\/logo\\\/image\\\/\",\"url\":\"https:\\\/\\\/exitgames.se\\\/wp-content\\\/uploads\\\/2022\\\/11\\\/302741860_508597104602897_3580458953652719672_n.png\",\"contentUrl\":\"https:\\\/\\\/exitgames.se\\\/wp-content\\\/uploads\\\/2022\\\/11\\\/302741860_508597104602897_3580458953652719672_n.png\",\"width\":512,\"height\":512,\"caption\":\"Exit Games\"},\"image\":{\"@id\":\"https:\\\/\\\/exitgames.se\\\/#\\\/schema\\\/logo\\\/image\\\/\"}}]}<\/script>\n<!-- \/ Yoast SEO plugin. -->","yoast_head_json":{"title":"Mission undercover - Exit Games","robots":{"index":"index","follow":"follow","max-snippet":"max-snippet:-1","max-image-preview":"max-image-preview:large","max-video-preview":"max-video-preview:-1"},"canonical":"https:\/\/exitgames.se\/en\/mission-undercover\/","og_locale":"en_US","og_type":"article","og_title":"Mission undercover - Exit Games","og_description":"Farligt bombgruppsuppdrag! \u2013 Inkommande s\u00e4ndning \u2013 Plats: Kontraspionagebunker i [CENSURERAD] Uppdrag: Vi har hittat den hemliga bunkern. Ditt uppdrag \u00e4r enkelt \u2013 infiltrera basen, bev\u00e4pna bomben och st\u00e4ll in timern. Inga problem f\u00f6r ett spionlag, eller hur? &#8211;H\u00e4r \u00e4r den sv\u00e5ra delen: Att komma ut levande! Detta uppdrag kommer att kr\u00e4va alla dina f\u00e4rdigheter och [&hellip;]","og_url":"https:\/\/exitgames.se\/en\/mission-undercover\/","og_site_name":"Exit Games","article_modified_time":"2025-07-23T09:48:04+00:00","twitter_card":"summary_large_image","twitter_misc":{"Est. reading time":"1 minute"},"schema":{"@context":"https:\/\/schema.org","@graph":[{"@type":"WebPage","@id":"https:\/\/exitgames.se\/mission-undercover\/","url":"https:\/\/exitgames.se\/mission-undercover\/","name":"Mission undercover - Exit Games","isPartOf":{"@id":"https:\/\/exitgames.se\/#website"},"datePublished":"2025-07-16T13:32:40+00:00","dateModified":"2025-07-23T09:48:04+00:00","inLanguage":"en-US","potentialAction":[{"@type":"ReadAction","target":["https:\/\/exitgames.se\/mission-undercover\/"]}]},{"@type":"WebSite","@id":"https:\/\/exitgames.se\/#website","url":"https:\/\/exitgames.se\/","name":"Exit Games","description":"Escape Rooms in Stockholm!","publisher":{"@id":"https:\/\/exitgames.se\/#organization"},"potentialAction":[{"@type":"SearchAction","target":{"@type":"EntryPoint","urlTemplate":"https:\/\/exitgames.se\/?s={search_term_string}"},"query-input":{"@type":"PropertyValueSpecification","valueRequired":true,"valueName":"search_term_string"}}],"inLanguage":"en-US"},{"@type":"Organization","@id":"https:\/\/exitgames.se\/#organization","name":"Exit Games","url":"https:\/\/exitgames.se\/","logo":{"@type":"ImageObject","inLanguage":"en-US","@id":"https:\/\/exitgames.se\/#\/schema\/logo\/image\/","url":"https:\/\/exitgames.se\/wp-content\/uploads\/2022\/11\/302741860_508597104602897_3580458953652719672_n.png","contentUrl":"https:\/\/exitgames.se\/wp-content\/uploads\/2022\/11\/302741860_508597104602897_3580458953652719672_n.png","width":512,"height":512,"caption":"Exit Games"},"image":{"@id":"https:\/\/exitgames.se\/#\/schema\/logo\/image\/"}}]}},"_links":{"self":[{"href":"https:\/\/exitgames.se\/en\/wp-json\/wp\/v2\/pages\/5873","targetHints":{"allow":["GET"]}}],"collection":[{"href":"https:\/\/exitgames.se\/en\/wp-json\/wp\/v2\/pages"}],"about":[{"href":"https:\/\/exitgames.se\/en\/wp-json\/wp\/v2\/types\/page"}],"author":[{"embeddable":true,"href":"https:\/\/exitgames.se\/en\/wp-json\/wp\/v2\/users\/1"}],"replies":[{"embeddable":true,"href":"https:\/\/exitgames.se\/en\/wp-json\/wp\/v2\/comments?post=5873"}],"version-history":[{"count":0,"href":"https:\/\/exitgames.se\/en\/wp-json\/wp\/v2\/pages\/5873\/revisions"}],"wp:attachment":[{"href":"https:\/\/exitgames.se\/en\/wp-json\/wp\/v2\/media?parent=5873"}],"curies":[{"name":"wp","href":"https:\/\/api.w.org\/{rel}","templated":true}]}}