{"id":5879,"date":"2025-07-16T15:35:48","date_gmt":"2025-07-16T13:35:48","guid":{"rendered":"https:\/\/exitgames.se\/?page_id=5879"},"modified":"2025-07-23T11:49:42","modified_gmt":"2025-07-23T09:49:42","slug":"samlaren","status":"publish","type":"page","link":"https:\/\/exitgames.se\/en\/samlaren\/","title":{"rendered":"The Collector"},"content":{"rendered":"<p>The Collector \u2013 Warning: This terrifying Escape Room is not for the faint of heart\u2026<\/p>\n<p>Locked in the deepest catacombs below S\u00f6dermalm, you and your team are just about to become the latest victims of an infamous serial killer: The Collector. When opportunity strikes, you seize your chance to escape. But is this fate? Or all just part of his deadly game?<br \/>\nIt\u2019s you against him. Cooperate to escape, your life depends upon it\u2026<br \/>\n&#8212;&#8212;&#8212;&#8212;&#8212;&#8212;&#8212;&#8212;&#8212;&#8212;&#8212;&#8212;&#8212;&#8212;&#8212;&#8212;&#8212;&#8212;&#8212;&#8212;-<br \/>\nLarge Escape Room for up to 8 players.\u00a0<br \/>\n&#8212;&#8212;&#8212;&#8212;&#8212;&#8212;&#8212;&#8212;&#8212;&#8212;&#8212;&#8212;&#8212;&#8212;&#8212;&#8212;&#8212;&#8212;&#8212;&#8212;&#8212;&#8212;&#8211;<br \/>\nAs you read in the headline, this Escape Room has a touch of horror. So, if you do not like darkness, locked rooms, scary sounds, etc, please do not choose this theme! However, it is very popular among our visitors and we have heard many good words about the room. To sum up, it is scary but also difficult, so you must stay very focused to escape from the killer.<br \/>\n&#8212;&#8212;&#8212;&#8212;&#8212;&#8212;&#8212;&#8212;&#8212;&#8212;&#8212;&#8212;&#8212;&#8212;&#8212;&#8212;&#8212;&#8212;-<br \/>\nDifficulty 4\/5<\/p>\n<div style=\"background-color:white;\">\n<iframe border=\"0\" height=\"550\" scrolling=\"no\" src=\"https:\/\/exitgames.se\/booking\/booking_time.php?mission=COLLECTOR&#038;shift=0\" style=\" border: none; margin: 0; padding: 0;\" width=\"100%\"><\/iframe>\n<\/div>","protected":false},"excerpt":{"rendered":"<p>Samlaren \u2013 Varning: Detta skr\u00e4ckinjagande Escape Room \u00e4r inget f\u00f6r svaga hj\u00e4rtan&#8230; Inl\u00e5sta i de djupaste katakomberna under S\u00f6dermalm \u00e4r du och dina v\u00e4nner precis p\u00e5 g\u00e5ng att bli de senaste offren f\u00f6r en \u00f6k\u00e4nd m\u00f6rdare: Samlaren. N\u00e4r tillf\u00e4llet uppkommer ser ni er chans att undkomma. Men \u00e4r det \u00f6det? Eller \u00e4r allting bara ingredienser [&hellip;]<\/p>","protected":false},"author":1,"featured_media":0,"parent":0,"menu_order":0,"comment_status":"closed","ping_status":"closed","template":"","meta":{"_acf_changed":false,"footnotes":""},"class_list":["post-5879","page","type-page","status-publish","hentry"],"acf":[],"yoast_head":"<!-- This site is optimized with the Yoast SEO plugin v27.4 - https:\/\/yoast.com\/product\/yoast-seo-wordpress\/ -->\n<title>Samlaren - Exit Games<\/title>\n<meta name=\"robots\" content=\"index, follow, max-snippet:-1, max-image-preview:large, max-video-preview:-1\" \/>\n<link rel=\"canonical\" href=\"https:\/\/exitgames.se\/en\/samlaren\/\" \/>\n<meta property=\"og:locale\" content=\"en_US\" \/>\n<meta property=\"og:type\" content=\"article\" \/>\n<meta property=\"og:title\" content=\"Samlaren - Exit Games\" \/>\n<meta property=\"og:description\" content=\"Samlaren \u2013 Varning: Detta skr\u00e4ckinjagande Escape Room \u00e4r inget f\u00f6r svaga hj\u00e4rtan&#8230; Inl\u00e5sta i de djupaste katakomberna under S\u00f6dermalm \u00e4r du och dina v\u00e4nner precis p\u00e5 g\u00e5ng att bli de senaste offren f\u00f6r en \u00f6k\u00e4nd m\u00f6rdare: Samlaren. N\u00e4r tillf\u00e4llet uppkommer ser ni er chans att undkomma. Men \u00e4r det \u00f6det? Eller \u00e4r allting bara ingredienser [&hellip;]\" \/>\n<meta property=\"og:url\" content=\"https:\/\/exitgames.se\/en\/samlaren\/\" \/>\n<meta property=\"og:site_name\" content=\"Exit Games\" \/>\n<meta property=\"article:modified_time\" content=\"2025-07-23T09:49:42+00:00\" \/>\n<meta name=\"twitter:card\" content=\"summary_large_image\" \/>\n<meta name=\"twitter:label1\" content=\"Est. reading time\" \/>\n\t<meta name=\"twitter:data1\" content=\"1 minute\" \/>\n<script type=\"application\/ld+json\" class=\"yoast-schema-graph\">{\"@context\":\"https:\\\/\\\/schema.org\",\"@graph\":[{\"@type\":\"WebPage\",\"@id\":\"https:\\\/\\\/exitgames.se\\\/samlaren\\\/\",\"url\":\"https:\\\/\\\/exitgames.se\\\/samlaren\\\/\",\"name\":\"Samlaren - Exit Games\",\"isPartOf\":{\"@id\":\"https:\\\/\\\/exitgames.se\\\/#website\"},\"datePublished\":\"2025-07-16T13:35:48+00:00\",\"dateModified\":\"2025-07-23T09:49:42+00:00\",\"inLanguage\":\"en-US\",\"potentialAction\":[{\"@type\":\"ReadAction\",\"target\":[\"https:\\\/\\\/exitgames.se\\\/samlaren\\\/\"]}]},{\"@type\":\"WebSite\",\"@id\":\"https:\\\/\\\/exitgames.se\\\/#website\",\"url\":\"https:\\\/\\\/exitgames.se\\\/\",\"name\":\"Exit Games\",\"description\":\"Escape Rooms in Stockholm!\",\"publisher\":{\"@id\":\"https:\\\/\\\/exitgames.se\\\/#organization\"},\"potentialAction\":[{\"@type\":\"SearchAction\",\"target\":{\"@type\":\"EntryPoint\",\"urlTemplate\":\"https:\\\/\\\/exitgames.se\\\/?s={search_term_string}\"},\"query-input\":{\"@type\":\"PropertyValueSpecification\",\"valueRequired\":true,\"valueName\":\"search_term_string\"}}],\"inLanguage\":\"en-US\"},{\"@type\":\"Organization\",\"@id\":\"https:\\\/\\\/exitgames.se\\\/#organization\",\"name\":\"Exit Games\",\"url\":\"https:\\\/\\\/exitgames.se\\\/\",\"logo\":{\"@type\":\"ImageObject\",\"inLanguage\":\"en-US\",\"@id\":\"https:\\\/\\\/exitgames.se\\\/#\\\/schema\\\/logo\\\/image\\\/\",\"url\":\"https:\\\/\\\/exitgames.se\\\/wp-content\\\/uploads\\\/2022\\\/11\\\/302741860_508597104602897_3580458953652719672_n.png\",\"contentUrl\":\"https:\\\/\\\/exitgames.se\\\/wp-content\\\/uploads\\\/2022\\\/11\\\/302741860_508597104602897_3580458953652719672_n.png\",\"width\":512,\"height\":512,\"caption\":\"Exit Games\"},\"image\":{\"@id\":\"https:\\\/\\\/exitgames.se\\\/#\\\/schema\\\/logo\\\/image\\\/\"}}]}<\/script>\n<!-- \/ Yoast SEO plugin. -->","yoast_head_json":{"title":"Samlaren - Exit Games","robots":{"index":"index","follow":"follow","max-snippet":"max-snippet:-1","max-image-preview":"max-image-preview:large","max-video-preview":"max-video-preview:-1"},"canonical":"https:\/\/exitgames.se\/en\/samlaren\/","og_locale":"en_US","og_type":"article","og_title":"Samlaren - Exit Games","og_description":"Samlaren \u2013 Varning: Detta skr\u00e4ckinjagande Escape Room \u00e4r inget f\u00f6r svaga hj\u00e4rtan&#8230; Inl\u00e5sta i de djupaste katakomberna under S\u00f6dermalm \u00e4r du och dina v\u00e4nner precis p\u00e5 g\u00e5ng att bli de senaste offren f\u00f6r en \u00f6k\u00e4nd m\u00f6rdare: Samlaren. N\u00e4r tillf\u00e4llet uppkommer ser ni er chans att undkomma. Men \u00e4r det \u00f6det? Eller \u00e4r allting bara ingredienser [&hellip;]","og_url":"https:\/\/exitgames.se\/en\/samlaren\/","og_site_name":"Exit Games","article_modified_time":"2025-07-23T09:49:42+00:00","twitter_card":"summary_large_image","twitter_misc":{"Est. reading time":"1 minute"},"schema":{"@context":"https:\/\/schema.org","@graph":[{"@type":"WebPage","@id":"https:\/\/exitgames.se\/samlaren\/","url":"https:\/\/exitgames.se\/samlaren\/","name":"Samlaren - Exit Games","isPartOf":{"@id":"https:\/\/exitgames.se\/#website"},"datePublished":"2025-07-16T13:35:48+00:00","dateModified":"2025-07-23T09:49:42+00:00","inLanguage":"en-US","potentialAction":[{"@type":"ReadAction","target":["https:\/\/exitgames.se\/samlaren\/"]}]},{"@type":"WebSite","@id":"https:\/\/exitgames.se\/#website","url":"https:\/\/exitgames.se\/","name":"Exit Games","description":"Escape Rooms in Stockholm!","publisher":{"@id":"https:\/\/exitgames.se\/#organization"},"potentialAction":[{"@type":"SearchAction","target":{"@type":"EntryPoint","urlTemplate":"https:\/\/exitgames.se\/?s={search_term_string}"},"query-input":{"@type":"PropertyValueSpecification","valueRequired":true,"valueName":"search_term_string"}}],"inLanguage":"en-US"},{"@type":"Organization","@id":"https:\/\/exitgames.se\/#organization","name":"Exit Games","url":"https:\/\/exitgames.se\/","logo":{"@type":"ImageObject","inLanguage":"en-US","@id":"https:\/\/exitgames.se\/#\/schema\/logo\/image\/","url":"https:\/\/exitgames.se\/wp-content\/uploads\/2022\/11\/302741860_508597104602897_3580458953652719672_n.png","contentUrl":"https:\/\/exitgames.se\/wp-content\/uploads\/2022\/11\/302741860_508597104602897_3580458953652719672_n.png","width":512,"height":512,"caption":"Exit Games"},"image":{"@id":"https:\/\/exitgames.se\/#\/schema\/logo\/image\/"}}]}},"_links":{"self":[{"href":"https:\/\/exitgames.se\/en\/wp-json\/wp\/v2\/pages\/5879","targetHints":{"allow":["GET"]}}],"collection":[{"href":"https:\/\/exitgames.se\/en\/wp-json\/wp\/v2\/pages"}],"about":[{"href":"https:\/\/exitgames.se\/en\/wp-json\/wp\/v2\/types\/page"}],"author":[{"embeddable":true,"href":"https:\/\/exitgames.se\/en\/wp-json\/wp\/v2\/users\/1"}],"replies":[{"embeddable":true,"href":"https:\/\/exitgames.se\/en\/wp-json\/wp\/v2\/comments?post=5879"}],"version-history":[{"count":0,"href":"https:\/\/exitgames.se\/en\/wp-json\/wp\/v2\/pages\/5879\/revisions"}],"wp:attachment":[{"href":"https:\/\/exitgames.se\/en\/wp-json\/wp\/v2\/media?parent=5879"}],"curies":[{"name":"wp","href":"https:\/\/api.w.org\/{rel}","templated":true}]}}